{"id":702,"date":"2024-09-24T16:11:13","date_gmt":"2024-09-24T14:11:13","guid":{"rendered":"https:\/\/deraiztrufas.es\/contact\/"},"modified":"2025-10-23T14:01:30","modified_gmt":"2025-10-23T12:01:30","slug":"trufiturismo","status":"publish","type":"page","link":"https:\/\/deraiztrufas.es\/fr\/trufiturismo\/","title":{"rendered":"Trufiturismo"},"content":{"rendered":"\t\t<div data-elementor-type=\"wp-post\" data-elementor-id=\"702\" class=\"elementor elementor-702\" data-elementor-post-type=\"page\">\n\t\t\t\t<div class=\"elementor-element elementor-element-1da86190 e-flex e-con-boxed e-con e-parent\" data-id=\"1da86190\" data-element_type=\"container\" data-e-type=\"container\" data-settings=\"{&quot;background_background&quot;:&quot;classic&quot;}\">\n\t\t\t\t\t<div class=\"e-con-inner\">\n\t\t\t\t<div class=\"elementor-element elementor-element-f1b6863 elementor-widget elementor-widget-heading\" data-id=\"f1b6863\" data-element_type=\"widget\" data-e-type=\"widget\" data-widget_type=\"heading.default\">\n\t\t\t\t<div class=\"elementor-widget-container\">\n\t\t\t\t\t<h3 class=\"elementor-heading-title elementor-size-default\">EXPERIENCIA EN PLENA NATURALEZA<\/h3>\t\t\t\t<\/div>\n\t\t\t\t<\/div>\n\t\t\t\t<div class=\"elementor-element elementor-element-26c3ffac elementor-widget elementor-widget-image-box\" data-id=\"26c3ffac\" data-element_type=\"widget\" data-e-type=\"widget\" data-widget_type=\"image-box.default\">\n\t\t\t\t<div class=\"elementor-widget-container\">\n\t\t\t\t\t<div class=\"elementor-image-box-wrapper\"><div class=\"elementor-image-box-content\"><h1 class=\"elementor-image-box-title\">El Trufiturismo<\/h1><\/div><\/div>\t\t\t\t<\/div>\n\t\t\t\t<\/div>\n\t\t\t\t\t<\/div>\n\t\t\t\t<\/div>\n\t\t<div class=\"elementor-element elementor-element-69i8fhh e-flex e-con-boxed e-con e-parent\" data-id=\"69i8fhh\" data-element_type=\"container\" data-e-type=\"container\">\n\t\t\t\t\t<div class=\"e-con-inner\">\n\t\t\t\t<div class=\"elementor-element elementor-element-065b686 elementor-widget elementor-widget-image-box\" data-id=\"065b686\" data-element_type=\"widget\" data-e-type=\"widget\" data-widget_type=\"image-box.default\">\n\t\t\t\t<div class=\"elementor-widget-container\">\n\t\t\t\t\t<div class=\"elementor-image-box-wrapper\"><div class=\"elementor-image-box-content\"><h2 class=\"elementor-image-box-title\">Explora el fascinante mundo de la trufa<\/h2><p class=\"elementor-image-box-description\">Emb\u00e1rcate en una aventura \u00fanica, donde podr\u00e1s conocer de cerca el cultivo de las trufas y la biodiversidad que las rodea. Disfruta de un d\u00eda de campo rodeado de naturaleza, acompa\u00f1ado de expertos truficultores, y aprende sobre las t\u00e9cnicas ancestrales que han hecho de la trufa un producto \u00fanico. Ya sea que est\u00e9s buscando una excursi\u00f3n educativa o una experiencia gastron\u00f3mica, nuestras propuestas de trufiturismo te permitir\u00e1n conectar profundamente con la tierra y los sabores que la trufa nos ofrece. Vive una experiencia sensorial que te har\u00e1 amar a\u00fan m\u00e1s este lujo culinario.<\/p><\/div><\/div>\t\t\t\t<\/div>\n\t\t\t\t<\/div>\n\t\t<div class=\"elementor-element elementor-element-20ed140 e-con-full e-grid elementor-hidden-mobile e-con e-child\" data-id=\"20ed140\" data-element_type=\"container\" data-e-type=\"container\">\n\t\t\t\t<div class=\"elementor-element elementor-element-0964f69 elementor-widget elementor-widget-image\" data-id=\"0964f69\" data-element_type=\"widget\" data-e-type=\"widget\" data-widget_type=\"image.default\">\n\t\t\t\t<div class=\"elementor-widget-container\">\n\t\t\t\t\t\t\t\t\t\t\t\t\t\t\t<img fetchpriority=\"high\" decoding=\"async\" width=\"414\" height=\"371\" src=\"https:\/\/deraiztrufas.es\/wp-content\/uploads\/2024\/10\/trufas-sin-fondos-1.png\" class=\"attachment-large size-large wp-image-1426\" alt=\"\" srcset=\"https:\/\/deraiztrufas.es\/wp-content\/uploads\/2024\/10\/trufas-sin-fondos-1.png 414w, https:\/\/deraiztrufas.es\/wp-content\/uploads\/2024\/10\/trufas-sin-fondos-1-300x269.png 300w, https:\/\/deraiztrufas.es\/wp-content\/uploads\/2024\/10\/trufas-sin-fondos-1-13x12.png 13w\" sizes=\"(max-width: 414px) 100vw, 414px\" \/>\t\t\t\t\t\t\t\t\t\t\t\t\t\t\t<\/div>\n\t\t\t\t<\/div>\n\t\t\t\t<div class=\"elementor-element elementor-element-dc7fa2f elementor-widget elementor-widget-image\" data-id=\"dc7fa2f\" data-element_type=\"widget\" data-e-type=\"widget\" data-widget_type=\"image.default\">\n\t\t\t\t<div class=\"elementor-widget-container\">\n\t\t\t\t\t\t\t\t\t\t\t\t\t\t\t<img decoding=\"async\" width=\"903\" height=\"1024\" src=\"https:\/\/deraiztrufas.es\/wp-content\/uploads\/2024\/11\/10-903x1024.png\" class=\"attachment-large size-large wp-image-2490\" alt=\"\" srcset=\"https:\/\/deraiztrufas.es\/wp-content\/uploads\/2024\/11\/10-903x1024.png 903w, https:\/\/deraiztrufas.es\/wp-content\/uploads\/2024\/11\/10-265x300.png 265w, https:\/\/deraiztrufas.es\/wp-content\/uploads\/2024\/11\/10-768x871.png 768w, https:\/\/deraiztrufas.es\/wp-content\/uploads\/2024\/11\/10-11x12.png 11w, https:\/\/deraiztrufas.es\/wp-content\/uploads\/2024\/11\/10.png 1134w\" sizes=\"(max-width: 903px) 100vw, 903px\" \/>\t\t\t\t\t\t\t\t\t\t\t\t\t\t\t<\/div>\n\t\t\t\t<\/div>\n\t\t\t\t<\/div>\n\t\t<div class=\"elementor-element elementor-element-88bad77 e-con-full e-flex e-con e-child\" data-id=\"88bad77\" data-element_type=\"container\" data-e-type=\"container\">\n\t\t<div class=\"elementor-element elementor-element-982eb30 e-grid e-con-full e-con e-child\" data-id=\"982eb30\" data-element_type=\"container\" data-e-type=\"container\">\n\t\t\t\t<div class=\"elementor-element elementor-element-328364e elementor-widget elementor-widget-image-box\" data-id=\"328364e\" data-element_type=\"widget\" data-e-type=\"widget\" data-widget_type=\"image-box.default\">\n\t\t\t\t<div class=\"elementor-widget-container\">\n\t\t\t\t\t<div class=\"elementor-image-box-wrapper\"><div class=\"elementor-image-box-content\"><h3 class=\"elementor-image-box-title\">Recorrido privado<\/h3><p class=\"elementor-image-box-description\">Disfruta de un recorrido \u00edntimo o en grupo por nuestras plantaciones de trufas, guiado por nuestros expertos que te mostrar\u00e1n el proceso de cultivo y recolecci\u00f3n. Perfecto para quienes buscan una experiencia tranquila y exclusiva.<\/p><\/div><\/div>\t\t\t\t<\/div>\n\t\t\t\t<\/div>\n\t\t\t\t<div class=\"elementor-element elementor-element-7c46f08 elementor-widget elementor-widget-image-box\" data-id=\"7c46f08\" data-element_type=\"widget\" data-e-type=\"widget\" data-widget_type=\"image-box.default\">\n\t\t\t\t<div class=\"elementor-widget-container\">\n\t\t\t\t\t<div class=\"elementor-image-box-wrapper\"><div class=\"elementor-image-box-content\"><h3 class=\"elementor-image-box-title\">CATAS PRIVADAS<\/h3><p class=\"elementor-image-box-description\">Desde comidas o cenas maridadas con trufa hasta el evento ideal seg\u00fan tus necesidades.<\/p><\/div><\/div>\t\t\t\t<\/div>\n\t\t\t\t<\/div>\n\t\t\t\t<\/div>\n\t\t\t\t<\/div>\n\t\t\t\t\t<\/div>\n\t\t\t\t<\/div>\n\t\t<div class=\"elementor-element elementor-element-87e3d48 e-flex e-con-boxed e-con e-parent\" data-id=\"87e3d48\" data-element_type=\"container\" data-e-type=\"container\">\n\t\t\t\t\t<div class=\"e-con-inner\">\n\t\t<div class=\"elementor-element elementor-element-dddb773 e-con-full e-flex e-con e-child\" data-id=\"dddb773\" data-element_type=\"container\" data-e-type=\"container\" data-settings=\"{&quot;background_background&quot;:&quot;classic&quot;}\">\n\t\t\t\t<div class=\"elementor-element elementor-element-cfbe332 elementor-widget elementor-widget-heading\" data-id=\"cfbe332\" data-element_type=\"widget\" data-e-type=\"widget\" data-widget_type=\"heading.default\">\n\t\t\t\t<div class=\"elementor-widget-container\">\n\t\t\t\t\t<h3 class=\"elementor-heading-title elementor-size-default\">Recorre, aprende y disfruta<\/h3>\t\t\t\t<\/div>\n\t\t\t\t<\/div>\n\t\t\t\t<div class=\"elementor-element elementor-element-04ad701 elementor-widget elementor-widget-heading\" data-id=\"04ad701\" data-element_type=\"widget\" data-e-type=\"widget\" data-widget_type=\"heading.default\">\n\t\t\t\t<div class=\"elementor-widget-container\">\n\t\t\t\t\t<h2 class=\"elementor-heading-title elementor-size-default\">Dise\u00f1amos una experiencia a tu medida<\/h2>\t\t\t\t<\/div>\n\t\t\t\t<\/div>\n\t\t\t\t<div class=\"elementor-element elementor-element-4b1cff5 elementor-widget elementor-widget-heading\" data-id=\"4b1cff5\" data-element_type=\"widget\" data-e-type=\"widget\" data-widget_type=\"heading.default\">\n\t\t\t\t<div class=\"elementor-widget-container\">\n\t\t\t\t\t<p class=\"elementor-heading-title elementor-size-default\">En De Ra\u00edz Trufas, creemos que cada persona disfruta de la trufa de manera distinta. Por eso, dise\u00f1amos experiencias personalizadas, pensadas para adaptarse a tus intereses y deseos. Desde el contacto directo con el mundo de la truficultura hasta momentos especiales en torno a la trufa, nos encargamos de hacer realidad la experiencia que siempre has so\u00f1ado.<\/p>\t\t\t\t<\/div>\n\t\t\t\t<\/div>\n\t\t\t\t<div class=\"elementor-element elementor-element-f53094b elementor-widget elementor-widget-image\" data-id=\"f53094b\" data-element_type=\"widget\" data-e-type=\"widget\" data-widget_type=\"image.default\">\n\t\t\t\t<div class=\"elementor-widget-container\">\n\t\t\t\t\t\t\t\t\t\t\t\t\t\t\t<img decoding=\"async\" width=\"2560\" height=\"1920\" src=\"https:\/\/deraiztrufas.es\/wp-content\/uploads\/2025\/10\/ANDY-CAMPO-scaled.jpg\" class=\"attachment-full size-full wp-image-3853\" alt=\"\" srcset=\"https:\/\/deraiztrufas.es\/wp-content\/uploads\/2025\/10\/ANDY-CAMPO-scaled.jpg 2560w, https:\/\/deraiztrufas.es\/wp-content\/uploads\/2025\/10\/ANDY-CAMPO-300x225.jpg 300w, https:\/\/deraiztrufas.es\/wp-content\/uploads\/2025\/10\/ANDY-CAMPO-1024x768.jpg 1024w, https:\/\/deraiztrufas.es\/wp-content\/uploads\/2025\/10\/ANDY-CAMPO-768x576.jpg 768w, https:\/\/deraiztrufas.es\/wp-content\/uploads\/2025\/10\/ANDY-CAMPO-1536x1152.jpg 1536w, https:\/\/deraiztrufas.es\/wp-content\/uploads\/2025\/10\/ANDY-CAMPO-2048x1536.jpg 2048w, https:\/\/deraiztrufas.es\/wp-content\/uploads\/2025\/10\/ANDY-CAMPO-16x12.jpg 16w\" sizes=\"(max-width: 2560px) 100vw, 2560px\" \/>\t\t\t\t\t\t\t\t\t\t\t\t\t\t\t<\/div>\n\t\t\t\t<\/div>\n\t\t\t\t<\/div>\n\t\t<div class=\"elementor-element elementor-element-a4e0c25 e-con-full e-flex e-con e-child\" data-id=\"a4e0c25\" data-element_type=\"container\" data-e-type=\"container\" data-settings=\"{&quot;background_background&quot;:&quot;classic&quot;}\">\n\t\t\t\t<div class=\"elementor-element elementor-element-6ce3781 elementor-widget elementor-widget-wpforms\" data-id=\"6ce3781\" data-element_type=\"widget\" data-e-type=\"widget\" data-widget_type=\"wpforms.default\">\n\t\t\t\t<div class=\"elementor-widget-container\">\n\t\t\t\t\t<div class=\"wpforms-container \" id=\"wpforms-3018\"><form id=\"wpforms-form-3018\" class=\"wpforms-validate wpforms-form wpforms-ajax-form\" data-formid=\"3018\" method=\"post\" enctype=\"multipart\/form-data\" action=\"\/fr\/wp-json\/wp\/v2\/pages\/702\" data-token=\"01450eeeaf3a4646d0131a8d6c9b2aac\" data-token-time=\"1778248299\"><noscript class=\"wpforms-error-noscript\">Veuillez activer JavaScript dans votre navigateur pour remplir ce formulaire.<\/noscript><div class=\"wpforms-field-container\"><div id=\"wpforms-3018-field_1-container\" class=\"wpforms-field wpforms-field-name\" data-field-id=\"1\"><label class=\"wpforms-field-label\" for=\"wpforms-3018-field_1\">Tu nombre <span class=\"wpforms-required-label\">*<\/span><\/label><input type=\"text\" id=\"wpforms-3018-field_1\" class=\"wpforms-field-large wpforms-field-required\" name=\"wpforms[fields][1]\" required><\/div><div id=\"wpforms-3018-field_2-container\" class=\"wpforms-field wpforms-field-email\" data-field-id=\"2\"><label class=\"wpforms-field-label\" for=\"wpforms-3018-field_2\">Tu correo electr\u00f3nico <span class=\"wpforms-required-label\">*<\/span><\/label><input type=\"email\" id=\"wpforms-3018-field_2\" class=\"wpforms-field-large wpforms-field-required\" name=\"wpforms[fields][2]\" spellcheck=\"false\" required><\/div><div id=\"wpforms-3018-field_4-container\" class=\"wpforms-field wpforms-field-number\" data-field-id=\"4\"><label class=\"wpforms-field-label\" for=\"wpforms-3018-field_4\">Tu tel\u00e9fono<\/label><input type=\"number\" id=\"wpforms-3018-field_4\" class=\"wpforms-field-large\" name=\"wpforms[fields][4]\" step=\"any\" ><\/div>\t\t<div id=\"wpforms-3018-field_5-container\"\n\t\t\tclass=\"wpforms-field wpforms-field-text\"\n\t\t\tdata-field-type=\"text\"\n\t\t\tdata-field-id=\"5\"\n\t\t\t>\n\t\t\t<label class=\"wpforms-field-label\" for=\"wpforms-3018-field_5\" >\u00bfPara correo electr\u00f3nico<\/label>\n\t\t\t<input type=\"text\" id=\"wpforms-3018-field_5\" class=\"wpforms-field-medium\" name=\"wpforms[fields][5]\" >\n\t\t<\/div>\n\t\t<div id=\"wpforms-3018-field_7-container\" class=\"wpforms-field wpforms-field-number-slider\" data-field-id=\"7\"><label class=\"wpforms-field-label\" for=\"wpforms-3018-field_7\"> \u00bfPara cuantas personas?<\/label>\n<input\n\ttype=\"range\"\n\tid=\"wpforms-3018-field_7\" class=\"wpforms-field-large\" name=\"wpforms[fields][7]\" value=\"1\"\t\tmin=\"1\"\n\tmax=\"20\"\n\tstep=\"1\">\n\n<div class=\"wpforms-field-number-slider-hint\"\n\tdata-hint=\"Valor seleccionado: {value}\">\n\tValor seleccionado: <b>1<\/b><\/div>\n<\/div><div id=\"wpforms-3018-field_3-container\" class=\"wpforms-field wpforms-field-textarea\" data-field-id=\"3\"><label class=\"wpforms-field-label\" for=\"wpforms-3018-field_3\">Cu\u00e9ntanos al detalle<\/label><textarea id=\"wpforms-3018-field_3\" class=\"wpforms-field-medium\" name=\"wpforms[fields][3]\" ><\/textarea><\/div><script>\n\t\t\t\t( function() {\n\t\t\t\t\tconst style = document.createElement( 'style' );\n\t\t\t\t\tstyle.appendChild( document.createTextNode( '#wpforms-3018-field_5-container { position: absolute !important; overflow: hidden !important; display: inline !important; height: 1px !important; width: 1px !important; z-index: -1000 !important; padding: 0 !important; } #wpforms-3018-field_5-container input { visibility: hidden; } #wpforms-conversational-form-page #wpforms-3018-field_5-container label { counter-increment: none; }' ) );\n\t\t\t\t\tdocument.head.appendChild( style );\n\t\t\t\t\tdocument.currentScript?.remove();\n\t\t\t\t} )();\n\t\t\t<\/script><\/div><!-- .wpforms-field-container --><div class=\"wpforms-recaptcha-container wpforms-is-turnstile\" ><div class=\"wpforms-turnstile\" data-sitekey=\"0x4AAAAAAB-oiwhRmxzm-hRD\" data-action=\"FormID-3018\"><\/div><input type=\"text\" name=\"g-recaptcha-hidden\" class=\"wpforms-recaptcha-hidden\" style=\"position:absolute!important;clip:rect(0,0,0,0)!important;height:1px!important;width:1px!important;border:0!important;overflow:hidden!important;padding:0!important;margin:0!important;\" data-rule-turnstile=\"1\"><\/div><div class=\"wpforms-submit-container\" ><input type=\"hidden\" name=\"wpforms[id]\" value=\"3018\"><input type=\"hidden\" name=\"page_title\" value=\"\"><input type=\"hidden\" name=\"page_url\" value=\"https:\/\/deraiztrufas.es\/fr\/wp-json\/wp\/v2\/pages\/702\"><input type=\"hidden\" name=\"url_referer\" value=\"\"><button type=\"submit\" name=\"wpforms[submit]\" id=\"wpforms-submit-3018\" class=\"wpforms-submit\" data-alt-text=\"Enviando...\" data-submit-text=\"Enviar\" aria-live=\"assertive\" value=\"wpforms-submit\">Enviar<\/button><img loading=\"lazy\" decoding=\"async\" src=\"https:\/\/deraiztrufas.es\/wp-content\/plugins\/wpforms-lite\/assets\/images\/submit-spin.svg\" class=\"wpforms-submit-spinner\" style=\"display: none;\" width=\"26\" height=\"26\" alt=\"Chargement en cours\"><\/div><\/form><\/div>  <!-- .wpforms-container -->\t\t\t\t<\/div>\n\t\t\t\t<\/div>\n\t\t\t\t<\/div>\n\t\t\t\t\t<\/div>\n\t\t\t\t<\/div>\n\t\t\t\t<\/div>\n\t\t","protected":false},"excerpt":{"rendered":"<p>EXPERIENCIA EN PLENA NATURALEZA El Trufiturismo Explora el fascinante mundo de la trufa Emb\u00e1rcate en una aventura \u00fanica, donde podr\u00e1s conocer de cerca el cultivo de las trufas y la biodiversidad que las rodea. Disfruta de un d\u00eda de campo rodeado de naturaleza, acompa\u00f1ado de expertos truficultores, y aprende sobre las t\u00e9cnicas ancestrales que han [&hellip;]<\/p>\n","protected":false},"author":1,"featured_media":0,"parent":0,"menu_order":0,"comment_status":"closed","ping_status":"closed","template":"","meta":{"site-sidebar-layout":"no-sidebar","site-content-layout":"page-builder","ast-site-content-layout":"full-width-container","site-content-style":"unboxed","site-sidebar-style":"unboxed","ast-global-header-display":"","ast-banner-title-visibility":"","ast-main-header-display":"","ast-hfb-above-header-display":"","ast-hfb-below-header-display":"","ast-hfb-mobile-header-display":"","site-post-title":"","ast-breadcrumbs-content":"","ast-featured-img":"disabled","footer-sml-layout":"","ast-disable-related-posts":"","theme-transparent-header-meta":"default","adv-header-id-meta":"","stick-header-meta":"","header-above-stick-meta":"","header-main-stick-meta":"","header-below-stick-meta":"","astra-migrate-meta-layouts":"set","ast-page-background-enabled":"default","ast-page-background-meta":{"desktop":{"background-color":"","background-image":"","background-repeat":"repeat","background-position":"center center","background-size":"auto","background-attachment":"scroll","background-type":"","background-media":"","overlay-type":"","overlay-color":"","overlay-opacity":"","overlay-gradient":""},"tablet":{"background-color":"","background-image":"","background-repeat":"repeat","background-position":"center center","background-size":"auto","background-attachment":"scroll","background-type":"","background-media":"","overlay-type":"","overlay-color":"","overlay-opacity":"","overlay-gradient":""},"mobile":{"background-color":"","background-image":"","background-repeat":"repeat","background-position":"center center","background-size":"auto","background-attachment":"scroll","background-type":"","background-media":"","overlay-type":"","overlay-color":"","overlay-opacity":"","overlay-gradient":""}},"ast-content-background-meta":{"desktop":{"background-color":"var(--ast-global-color-5)","background-image":"","background-repeat":"repeat","background-position":"center center","background-size":"auto","background-attachment":"scroll","background-type":"","background-media":"","overlay-type":"","overlay-color":"","overlay-opacity":"","overlay-gradient":""},"tablet":{"background-color":"var(--ast-global-color-5)","background-image":"","background-repeat":"repeat","background-position":"center center","background-size":"auto","background-attachment":"scroll","background-type":"","background-media":"","overlay-type":"","overlay-color":"","overlay-opacity":"","overlay-gradient":""},"mobile":{"background-color":"var(--ast-global-color-5)","background-image":"","background-repeat":"repeat","background-position":"center center","background-size":"auto","background-attachment":"scroll","background-type":"","background-media":"","overlay-type":"","overlay-color":"","overlay-opacity":"","overlay-gradient":""}},"footnotes":""},"class_list":["post-702","page","type-page","status-publish","hentry"],"_links":{"self":[{"href":"https:\/\/deraiztrufas.es\/fr\/wp-json\/wp\/v2\/pages\/702","targetHints":{"allow":["GET"]}}],"collection":[{"href":"https:\/\/deraiztrufas.es\/fr\/wp-json\/wp\/v2\/pages"}],"about":[{"href":"https:\/\/deraiztrufas.es\/fr\/wp-json\/wp\/v2\/types\/page"}],"author":[{"embeddable":true,"href":"https:\/\/deraiztrufas.es\/fr\/wp-json\/wp\/v2\/users\/1"}],"replies":[{"embeddable":true,"href":"https:\/\/deraiztrufas.es\/fr\/wp-json\/wp\/v2\/comments?post=702"}],"version-history":[{"count":294,"href":"https:\/\/deraiztrufas.es\/fr\/wp-json\/wp\/v2\/pages\/702\/revisions"}],"predecessor-version":[{"id":3856,"href":"https:\/\/deraiztrufas.es\/fr\/wp-json\/wp\/v2\/pages\/702\/revisions\/3856"}],"wp:attachment":[{"href":"https:\/\/deraiztrufas.es\/fr\/wp-json\/wp\/v2\/media?parent=702"}],"curies":[{"name":"wp","href":"https:\/\/api.w.org\/{rel}","templated":true}]}}