{"id":3838,"date":"2025-10-19T22:15:29","date_gmt":"2025-10-19T20:15:29","guid":{"rendered":"https:\/\/deraiztrufas.es\/?page_id=3838"},"modified":"2025-10-23T12:43:14","modified_gmt":"2025-10-23T10:43:14","slug":"a-que-huele-y-sabe-la-trufa","status":"publish","type":"page","link":"https:\/\/deraiztrufas.es\/fr\/a-que-huele-y-sabe-la-trufa\/","title":{"rendered":"QUEL EST LE GO\u00dbT ET L'ODEUR DE LA TRUFFE ?"},"content":{"rendered":"<div data-elementor-type=\"wp-page\" data-elementor-id=\"3838\" class=\"elementor elementor-3838\" data-elementor-post-type=\"page\">\n\t\t\t\t<div class=\"elementor-element elementor-element-1b403318 e-flex e-con-boxed e-con e-parent\" data-id=\"1b403318\" data-element_type=\"container\">\n\t\t\t\t\t<div class=\"e-con-inner\">\n\t\t\t\t<div class=\"elementor-element elementor-element-721e22a elementor-widget elementor-widget-text-editor\" data-id=\"721e22a\" data-element_type=\"widget\" data-widget_type=\"text-editor.default\">\n\t\t\t\t<div class=\"elementor-widget-container\">\n\t\t\t\t\t\t\t\t\t<p>Nous savons qu'il est difficile d'expliquer l'odeur des truffes en raison de la grande vari\u00e9t\u00e9 de saveurs et d'ar\u00f4mes qu'elles d\u00e9gagent, mais allons-y.<\/p><p>Toutes les truffes n'ont pas le m\u00eame go\u00fbt.<\/p><p>Si vous avez d\u00e9j\u00e0 go\u00fbt\u00e9 une truffe fra\u00eeche en saison et que vous aviez d\u00e9j\u00e0 un souvenir de son ar\u00f4me ou sans les avoir essay\u00e9es, mais encourag\u00e9 par les commentaires sur leurs qualit\u00e9s et leur ar\u00f4me et go\u00fbt fantastiques et \u00e9galement pouss\u00e9 par le prix bas auquel elles sont vendues dans les supermarch\u00e9s, vous avez fini par ramener chez vous une petite bouteille avec environ 10 grammes de truffe pour un prix d'environ 4 ou 5 \u20ac et oui, une fois ouverte, vous vous sentez tromp\u00e9 par l'ar\u00f4me chimique et le peu de saveur qu'elles d\u00e9gagent.<\/p><p>Nous devons expliquer qu'il s'agit dans ce cas d'une vari\u00e9t\u00e9 de truffe chinoise ou d'une des vari\u00e9t\u00e9s les moins aromatiques, mais si vous y regardez de plus pr\u00e8s, il est probable que des ar\u00f4mes aient \u00e9t\u00e9 ajout\u00e9s.<\/p><p>Et ne parlons pas de la sauce aux truffes, qui contient une part importante de champignons et un pourcentage de truffes inf\u00e9rieur \u00e0 5%, ainsi que des ar\u00f4mes ajout\u00e9s.<\/p><p>Il faut savoir qu'il existe une centaine de vari\u00e9t\u00e9s de truffes, toutes avec des ar\u00f4mes, des saveurs, des couleurs, des aspects et des qualit\u00e9s diff\u00e9rents. Beaucoup d'entre elles n'ont aucune valeur culinaire, c'est pourquoi nous allons nous concentrer sur la TUBER MELANOSPORUM, celle qui est cultiv\u00e9e ici \u00e0 Teruel et qui, en plus d'\u00eatre l'une des plus appr\u00e9ci\u00e9es sur le plan culinaire, est l'une des plus accessibles \u00e0 tous.<\/p><p>La roue aromatique de la truffe noire Tuber Melanosporun est tr\u00e8s complexe et difficile \u00e0 imiter, car elle est compos\u00e9e de plus de 50 compos\u00e9s diff\u00e9rents qui interviennent dans sa composition finale, notamment des fruits, du beurre, du fromage, du caramel, du cuir de champignon, entre autres.<\/p><p>Ces ar\u00f4mes et ces saveurs sont comme les grands vins ou les parfums qui ont en eux quelque chose de magique qui les rend uniques. Ne manquez pas de les essayer et ne les laissez pas vous en parler.<\/p>\t\t\t\t\t\t\t\t<\/div>\n\t\t\t\t<\/div>\n\t\t\t\t\t<\/div>\n\t\t\t\t<\/div>\n\t\t<div class=\"elementor-element elementor-element-ed6e4d2 e-flex e-con-boxed e-con e-parent\" data-id=\"ed6e4d2\" data-element_type=\"container\">\n\t\t\t\t\t<div class=\"e-con-inner\">\n\t\t\t\t<div class=\"elementor-element elementor-element-f874013 elementor-widget elementor-widget-image\" data-id=\"f874013\" data-element_type=\"widget\" data-widget_type=\"image.default\">\n\t\t\t\t<div class=\"elementor-widget-container\">\n\t\t\t\t\t\t\t\t\t\t\t\t\t\t\t<img fetchpriority=\"high\" decoding=\"async\" width=\"905\" height=\"640\" src=\"https:\/\/deraiztrufas.es\/wp-content\/uploads\/2025\/10\/RUEDA-DE-AROMAS-TRUFA.jpg\" class=\"attachment-large size-large wp-image-3831\" alt=\"\" srcset=\"https:\/\/deraiztrufas.es\/wp-content\/uploads\/2025\/10\/RUEDA-DE-AROMAS-TRUFA.jpg 905w, https:\/\/deraiztrufas.es\/wp-content\/uploads\/2025\/10\/RUEDA-DE-AROMAS-TRUFA-300x212.jpg 300w, https:\/\/deraiztrufas.es\/wp-content\/uploads\/2025\/10\/RUEDA-DE-AROMAS-TRUFA-768x543.jpg 768w, https:\/\/deraiztrufas.es\/wp-content\/uploads\/2025\/10\/RUEDA-DE-AROMAS-TRUFA-18x12.jpg 18w\" sizes=\"(max-width: 905px) 100vw, 905px\" \/>\t\t\t\t\t\t\t\t\t\t\t\t\t\t\t<\/div>\n\t\t\t\t<\/div>\n\t\t\t\t\t<\/div>\n\t\t\t\t<\/div>\n\t\t\t\t<\/div>","protected":false},"excerpt":{"rendered":"<p>Nous savons qu'il est difficile d'expliquer ce que sentent les truffes en raison de la grande vari\u00e9t\u00e9 de saveurs et d'ar\u00f4mes qu'elles poss\u00e8dent, mais allons-y. Toutes les truffes n'ont pas le m\u00eame go\u00fbt. Si vous avez d\u00e9j\u00e0 go\u00fbt\u00e9 une truffe fra\u00eeche en saison et que vous aviez d\u00e9j\u00e0 un souvenir de son ar\u00f4me ou sans l'avoir go\u00fbt\u00e9e, mais [...]<\/p>","protected":false},"author":3,"featured_media":0,"parent":0,"menu_order":0,"comment_status":"closed","ping_status":"closed","template":"","meta":{"site-sidebar-layout":"default","site-content-layout":"","ast-site-content-layout":"default","site-content-style":"default","site-sidebar-style":"default","ast-global-header-display":"","ast-banner-title-visibility":"","ast-main-header-display":"","ast-hfb-above-header-display":"","ast-hfb-below-header-display":"","ast-hfb-mobile-header-display":"","site-post-title":"","ast-breadcrumbs-content":"","ast-featured-img":"","footer-sml-layout":"","theme-transparent-header-meta":"","adv-header-id-meta":"","stick-header-meta":"","header-above-stick-meta":"","header-main-stick-meta":"","header-below-stick-meta":"","astra-migrate-meta-layouts":"default","ast-page-background-enabled":"default","ast-page-background-meta":{"desktop":{"background-color":"","background-image":"","background-repeat":"repeat","background-position":"center center","background-size":"auto","background-attachment":"scroll","background-type":"","background-media":"","overlay-type":"","overlay-color":"","overlay-opacity":"","overlay-gradient":""},"tablet":{"background-color":"","background-image":"","background-repeat":"repeat","background-position":"center center","background-size":"auto","background-attachment":"scroll","background-type":"","background-media":"","overlay-type":"","overlay-color":"","overlay-opacity":"","overlay-gradient":""},"mobile":{"background-color":"","background-image":"","background-repeat":"repeat","background-position":"center center","background-size":"auto","background-attachment":"scroll","background-type":"","background-media":"","overlay-type":"","overlay-color":"","overlay-opacity":"","overlay-gradient":""}},"ast-content-background-meta":{"desktop":{"background-color":"var(--ast-global-color-5)","background-image":"","background-repeat":"repeat","background-position":"center center","background-size":"auto","background-attachment":"scroll","background-type":"","background-media":"","overlay-type":"","overlay-color":"","overlay-opacity":"","overlay-gradient":""},"tablet":{"background-color":"var(--ast-global-color-5)","background-image":"","background-repeat":"repeat","background-position":"center center","background-size":"auto","background-attachment":"scroll","background-type":"","background-media":"","overlay-type":"","overlay-color":"","overlay-opacity":"","overlay-gradient":""},"mobile":{"background-color":"var(--ast-global-color-5)","background-image":"","background-repeat":"repeat","background-position":"center center","background-size":"auto","background-attachment":"scroll","background-type":"","background-media":"","overlay-type":"","overlay-color":"","overlay-opacity":"","overlay-gradient":""}},"footnotes":""},"class_list":["post-3838","page","type-page","status-publish","hentry"],"_links":{"self":[{"href":"https:\/\/deraiztrufas.es\/fr\/wp-json\/wp\/v2\/pages\/3838","targetHints":{"allow":["GET"]}}],"collection":[{"href":"https:\/\/deraiztrufas.es\/fr\/wp-json\/wp\/v2\/pages"}],"about":[{"href":"https:\/\/deraiztrufas.es\/fr\/wp-json\/wp\/v2\/types\/page"}],"author":[{"embeddable":true,"href":"https:\/\/deraiztrufas.es\/fr\/wp-json\/wp\/v2\/users\/3"}],"replies":[{"embeddable":true,"href":"https:\/\/deraiztrufas.es\/fr\/wp-json\/wp\/v2\/comments?post=3838"}],"version-history":[{"count":7,"href":"https:\/\/deraiztrufas.es\/fr\/wp-json\/wp\/v2\/pages\/3838\/revisions"}],"predecessor-version":[{"id":3851,"href":"https:\/\/deraiztrufas.es\/fr\/wp-json\/wp\/v2\/pages\/3838\/revisions\/3851"}],"wp:attachment":[{"href":"https:\/\/deraiztrufas.es\/fr\/wp-json\/wp\/v2\/media?parent=3838"}],"curies":[{"name":"wp","href":"https:\/\/api.w.org\/{rel}","templated":true}]}}