{"id":2075,"date":"2024-11-27T12:28:15","date_gmt":"2024-11-27T11:28:15","guid":{"rendered":"https:\/\/deraiztrufas.es\/?page_id=2075"},"modified":"2024-12-16T13:07:15","modified_gmt":"2024-12-16T12:07:15","slug":"conservacion","status":"publish","type":"page","link":"https:\/\/deraiztrufas.es\/fr\/conservacion\/","title":{"rendered":"Conservation"},"content":{"rendered":"<div data-elementor-type=\"wp-page\" data-elementor-id=\"2075\" class=\"elementor elementor-2075\" data-elementor-post-type=\"page\">\n\t\t\t\t<div class=\"elementor-element elementor-element-2235db5 e-flex e-con-boxed e-con e-parent\" data-id=\"2235db5\" data-element_type=\"container\" data-e-type=\"container\" data-settings=\"{&quot;background_background&quot;:&quot;classic&quot;}\">\n\t\t\t\t\t<div class=\"e-con-inner\">\n\t\t\t\t<div class=\"elementor-element elementor-element-2b40a75 elementor-widget elementor-widget-heading\" data-id=\"2b40a75\" data-element_type=\"widget\" data-e-type=\"widget\" data-widget_type=\"heading.default\">\n\t\t\t\t<div class=\"elementor-widget-container\">\n\t\t\t\t\t<h3 class=\"elementor-heading-title elementor-size-default\">LES SECRETS DE LA CONSERVATION DE LA FRA\u00ceCHEUR<\/h3>\t\t\t\t<\/div>\n\t\t\t\t<\/div>\n\t\t\t\t<div class=\"elementor-element elementor-element-9b69132 elementor-widget elementor-widget-image-box\" data-id=\"9b69132\" data-element_type=\"widget\" data-e-type=\"widget\" data-widget_type=\"image-box.default\">\n\t\t\t\t<div class=\"elementor-widget-container\">\n\t\t\t\t\t<div class=\"elementor-image-box-wrapper\"><div class=\"elementor-image-box-content\"><h1 class=\"elementor-image-box-title\">Conservation de la truffe noire<\/h1><\/div><\/div>\t\t\t\t<\/div>\n\t\t\t\t<\/div>\n\t\t\t\t\t<\/div>\n\t\t\t\t<\/div>\n\t\t<div class=\"elementor-element elementor-element-39fpb1v e-flex e-con-boxed e-con e-parent\" data-id=\"39fpb1v\" data-element_type=\"container\" data-e-type=\"container\" data-settings=\"{&quot;background_background&quot;:&quot;classic&quot;}\">\n\t\t\t\t\t<div class=\"e-con-inner\">\n\t\t<div class=\"elementor-element elementor-element-138f87f e-con-full e-flex e-con e-child\" data-id=\"138f87f\" data-element_type=\"container\" data-e-type=\"container\">\n\t\t<div class=\"elementor-element elementor-element-4eb2fa1 e-con-full e-flex e-con e-child\" data-id=\"4eb2fa1\" data-element_type=\"container\" data-e-type=\"container\">\n\t\t\t\t<div class=\"elementor-element elementor-element-6662fdf elementor-widget elementor-widget-heading\" data-id=\"6662fdf\" data-element_type=\"widget\" data-e-type=\"widget\" data-widget_type=\"heading.default\">\n\t\t\t\t<div class=\"elementor-widget-container\">\n\t\t\t\t\t<h2 class=\"elementor-heading-title elementor-size-default\">La base de la m\u00e9thode<\/h2>\t\t\t\t<\/div>\n\t\t\t\t<\/div>\n\t\t\t\t<div class=\"elementor-element elementor-element-7ca36f9 elementor-widget elementor-widget-image-box\" data-id=\"7ca36f9\" data-element_type=\"widget\" data-e-type=\"widget\" data-widget_type=\"image-box.default\">\n\t\t\t\t<div class=\"elementor-widget-container\">\n\t\t\t\t\t<div class=\"elementor-image-box-wrapper\"><div class=\"elementor-image-box-content\"><p class=\"elementor-image-box-description\">La truffe noire est un mets d\u00e9licat qui n\u00e9cessite des soins sp\u00e9cifiques pour conserver son ar\u00f4me et sa saveur dans des conditions optimales. La premi\u00e8re chose \u00e0 faire est de s'assurer qu'elles sont toujours r\u00e9frig\u00e9r\u00e9es, car la temp\u00e9rature ambiante acc\u00e9l\u00e8re leur d\u00e9t\u00e9rioration. Pour une bonne conservation, elles doivent \u00eatre maintenues \u00e0 une temp\u00e9rature contr\u00f4l\u00e9e entre 1\u00baC et 4\u00baC, ce qui permet de pr\u00e9server leur fra\u00eecheur et d'\u00e9viter la perte de leur ar\u00f4me caract\u00e9ristique.<br><br>\nOutre la temp\u00e9rature, la m\u00e9thode de conservation est cruciale. Les truffes doivent \u00eatre conserv\u00e9es dans un r\u00e9cipient herm\u00e9tique qui emp\u00eache l'air de p\u00e9n\u00e9trer et l'humidit\u00e9 de s'accumuler. Le papier absorbant est une alternative efficace, mais il doit \u00eatre chang\u00e9 r\u00e9guli\u00e8rement pour garantir son efficacit\u00e9.<br><br>\nEnfin, il est essentiel qu'elles soient l\u00e9g\u00e8rement a\u00e9r\u00e9es quotidiennement. Ouvrir le r\u00e9cipient une \u00e0 deux fois par jour \u00e9vite l'accumulation d'un exc\u00e8s d'humidit\u00e9 et permet aux truffes de bien respirer. Si vous pr\u00e9f\u00e9rez les m\u00e9thodes plus traditionnelles, vous pouvez les conserver dans un r\u00e9cipient en terre cuite recouvert d'un linge propre, ce qui contribue \u00e9galement \u00e0 maintenir un \u00e9quilibre naturel dans leur conservation. Gr\u00e2ce \u00e0 ces mesures, vous pourrez profiter plus longtemps de truffes noires fra\u00eeches et savoureuses.<\/p><\/div><\/div>\t\t\t\t<\/div>\n\t\t\t\t<\/div>\n\t\t\t\t<\/div>\n\t\t<div class=\"elementor-element elementor-element-d5964f1 e-con-full e-flex e-con e-child\" data-id=\"d5964f1\" data-element_type=\"container\" data-e-type=\"container\" data-settings=\"{&quot;background_background&quot;:&quot;slideshow&quot;,&quot;background_slideshow_gallery&quot;:[],&quot;background_slideshow_loop&quot;:&quot;yes&quot;,&quot;background_slideshow_slide_duration&quot;:5000,&quot;background_slideshow_slide_transition&quot;:&quot;fade&quot;,&quot;background_slideshow_transition_duration&quot;:500}\">\n\t\t\t\t<div class=\"elementor-element elementor-element-f6d97cd elementor-widget elementor-widget-image\" data-id=\"f6d97cd\" data-element_type=\"widget\" data-e-type=\"widget\" data-widget_type=\"image.default\">\n\t\t\t\t<div class=\"elementor-widget-container\">\n\t\t\t\t\t\t\t\t\t\t\t\t\t\t\t<img fetchpriority=\"high\" decoding=\"async\" width=\"425\" height=\"425\" src=\"https:\/\/deraiztrufas.es\/wp-content\/uploads\/2024\/12\/12321.jpg\" class=\"attachment-full size-full wp-image-3308\" alt=\"\" srcset=\"https:\/\/deraiztrufas.es\/wp-content\/uploads\/2024\/12\/12321.jpg 425w, https:\/\/deraiztrufas.es\/wp-content\/uploads\/2024\/12\/12321-300x300.jpg 300w, https:\/\/deraiztrufas.es\/wp-content\/uploads\/2024\/12\/12321-150x150.jpg 150w, https:\/\/deraiztrufas.es\/wp-content\/uploads\/2024\/12\/12321-12x12.jpg 12w\" sizes=\"(max-width: 425px) 100vw, 425px\" \/>\t\t\t\t\t\t\t\t\t\t\t\t\t\t\t<\/div>\n\t\t\t\t<\/div>\n\t\t\t\t<\/div>\n\t\t\t\t<\/div>\n\t\t\t\t\t<\/div>\n\t\t\t\t<\/div>\n\t\t<div class=\"elementor-element elementor-element-2aa13b87 e-con-full e-flex e-con e-parent\" data-id=\"2aa13b87\" data-element_type=\"container\" data-e-type=\"container\" data-settings=\"{&quot;background_background&quot;:&quot;classic&quot;}\">\n\t\t<div class=\"elementor-element elementor-element-6dfb2b12 e-flex e-con-boxed e-con e-child\" data-id=\"6dfb2b12\" data-element_type=\"container\" data-e-type=\"container\">\n\t\t\t\t\t<div class=\"e-con-inner\">\n\t\t\t\t<div class=\"elementor-element elementor-element-1a38e298 elementor-widget elementor-widget-image-box\" data-id=\"1a38e298\" data-element_type=\"widget\" data-e-type=\"widget\" data-widget_type=\"image-box.default\">\n\t\t\t\t<div class=\"elementor-widget-container\">\n\t\t\t\t\t<div class=\"elementor-image-box-wrapper\"><div class=\"elementor-image-box-content\"><h2 class=\"elementor-image-box-title\">Quelques m\u00e9thodes de conservation<\/h2><\/div><\/div>\t\t\t\t<\/div>\n\t\t\t\t<\/div>\n\t\t<div class=\"elementor-element elementor-element-87678c9 e-grid e-con-full elementor-hidden-mobile e-con e-child\" data-id=\"87678c9\" data-element_type=\"container\" data-e-type=\"container\">\n\t\t\t\t<div class=\"elementor-element elementor-element-dffaf6b elementor-widget-tablet__width-initial elementor-widget elementor-widget-image\" data-id=\"dffaf6b\" data-element_type=\"widget\" data-e-type=\"widget\" data-widget_type=\"image.default\">\n\t\t\t\t<div class=\"elementor-widget-container\">\n\t\t\t\t\t\t\t\t\t\t\t\t\t\t\t<img decoding=\"async\" width=\"1024\" height=\"1024\" src=\"https:\/\/deraiztrufas.es\/wp-content\/uploads\/2024\/11\/1_Aceite_Trufa-1024x1024.png\" class=\"attachment-large size-large wp-image-2408\" alt=\"\" srcset=\"https:\/\/deraiztrufas.es\/wp-content\/uploads\/2024\/11\/1_Aceite_Trufa-1024x1024.png 1024w, https:\/\/deraiztrufas.es\/wp-content\/uploads\/2024\/11\/1_Aceite_Trufa-300x300.png 300w, https:\/\/deraiztrufas.es\/wp-content\/uploads\/2024\/11\/1_Aceite_Trufa-150x150.png 150w, https:\/\/deraiztrufas.es\/wp-content\/uploads\/2024\/11\/1_Aceite_Trufa-768x768.png 768w, https:\/\/deraiztrufas.es\/wp-content\/uploads\/2024\/11\/1_Aceite_Trufa-12x12.png 12w, https:\/\/deraiztrufas.es\/wp-content\/uploads\/2024\/11\/1_Aceite_Trufa.png 1080w\" sizes=\"(max-width: 1024px) 100vw, 1024px\" \/>\t\t\t\t\t\t\t\t\t\t\t\t\t\t\t<\/div>\n\t\t\t\t<\/div>\n\t\t\t\t<div class=\"elementor-element elementor-element-b071ef9 elementor-widget-tablet__width-initial elementor-widget elementor-widget-image\" data-id=\"b071ef9\" data-element_type=\"widget\" data-e-type=\"widget\" data-widget_type=\"image.default\">\n\t\t\t\t<div class=\"elementor-widget-container\">\n\t\t\t\t\t\t\t\t\t\t\t\t\t\t\t<img decoding=\"async\" width=\"1024\" height=\"1024\" src=\"https:\/\/deraiztrufas.es\/wp-content\/uploads\/2024\/11\/2_Mantequilla_Trufa-1024x1024.png\" class=\"attachment-large size-large wp-image-2407\" alt=\"\" srcset=\"https:\/\/deraiztrufas.es\/wp-content\/uploads\/2024\/11\/2_Mantequilla_Trufa-1024x1024.png 1024w, https:\/\/deraiztrufas.es\/wp-content\/uploads\/2024\/11\/2_Mantequilla_Trufa-300x300.png 300w, https:\/\/deraiztrufas.es\/wp-content\/uploads\/2024\/11\/2_Mantequilla_Trufa-150x150.png 150w, https:\/\/deraiztrufas.es\/wp-content\/uploads\/2024\/11\/2_Mantequilla_Trufa-768x768.png 768w, https:\/\/deraiztrufas.es\/wp-content\/uploads\/2024\/11\/2_Mantequilla_Trufa-12x12.png 12w, https:\/\/deraiztrufas.es\/wp-content\/uploads\/2024\/11\/2_Mantequilla_Trufa.png 1080w\" sizes=\"(max-width: 1024px) 100vw, 1024px\" \/>\t\t\t\t\t\t\t\t\t\t\t\t\t\t\t<\/div>\n\t\t\t\t<\/div>\n\t\t\t\t<\/div>\n\t\t<div class=\"elementor-element elementor-element-fb5c466 e-con-full e-grid e-con e-child\" data-id=\"fb5c466\" data-element_type=\"container\" data-e-type=\"container\">\n\t\t\t\t<div class=\"elementor-element elementor-element-dad648b elementor-widget elementor-widget-icon-box\" data-id=\"dad648b\" data-element_type=\"widget\" data-e-type=\"widget\" data-widget_type=\"icon-box.default\">\n\t\t\t\t<div class=\"elementor-widget-container\">\n\t\t\t\t\t\t\t<div class=\"elementor-icon-box-wrapper\">\n\n\t\t\t\n\t\t\t\t\t\t<div class=\"elementor-icon-box-content\">\n\n\t\t\t\t\t\t\t\t\t<h3 class=\"elementor-icon-box-title\">\n\t\t\t\t\t\t<span  >\n\t\t\t\t\t\t\tHuile de truffe\t\t\t\t\t\t<\/span>\n\t\t\t\t\t<\/h3>\n\t\t\t\t\n\t\t\t\t\t\t\t\t\t<p class=\"elementor-icon-box-description\">\n\t\t\t\t\t\tPour capturer l'ar\u00f4me des truffes dans l'huile, choisissez une huile de qualit\u00e9 et st\u00e9rilisez le r\u00e9cipient avant de l'utiliser. Cette m\u00e9thode permet non seulement de pr\u00e9server la saveur, mais aussi d'ajouter une touche sp\u00e9ciale \u00e0 vos plats de tous les jours.\t\t\t\t\t<\/p>\n\t\t\t\t\n\t\t\t<\/div>\n\t\t\t\n\t\t<\/div>\n\t\t\t\t\t\t<\/div>\n\t\t\t\t<\/div>\n\t\t\t\t<div class=\"elementor-element elementor-element-9df8a9e elementor-widget elementor-widget-icon-box\" data-id=\"9df8a9e\" data-element_type=\"widget\" data-e-type=\"widget\" data-widget_type=\"icon-box.default\">\n\t\t\t\t<div class=\"elementor-widget-container\">\n\t\t\t\t\t\t\t<div class=\"elementor-icon-box-wrapper\">\n\n\t\t\t\n\t\t\t\t\t\t<div class=\"elementor-icon-box-content\">\n\n\t\t\t\t\t\t\t\t\t<h3 class=\"elementor-icon-box-title\">\n\t\t\t\t\t\t<span  >\n\t\t\t\t\t\t\tBeurre de truffe\t\t\t\t\t\t<\/span>\n\t\t\t\t\t<\/h3>\n\t\t\t\t\n\t\t\t\t\t\t\t\t\t<p class=\"elementor-icon-box-description\">\n\t\t\t\t\t\tM\u00e9langez des truffes r\u00e2p\u00e9es ou finement hach\u00e9es avec du beurre, sal\u00e9 ou non. Cette m\u00e9thode permet non seulement de pr\u00e9server l'ar\u00f4me robuste des truffes, mais aussi d'obtenir une base polyvalente pour les p\u00e2tes, les viandes ou les l\u00e9gumes.\t\t\t\t\t<\/p>\n\t\t\t\t\n\t\t\t<\/div>\n\t\t\t\n\t\t<\/div>\n\t\t\t\t\t\t<\/div>\n\t\t\t\t<\/div>\n\t\t\t\t<\/div>\n\t\t\t\t\t<\/div>\n\t\t\t\t<\/div>\n\t\t\t\t<\/div>\n\t\t<div class=\"elementor-element elementor-element-df55ff1 e-flex e-con-boxed e-con e-parent\" data-id=\"df55ff1\" data-element_type=\"container\" data-e-type=\"container\" data-settings=\"{&quot;background_background&quot;:&quot;classic&quot;}\">\n\t\t\t\t\t<div class=\"e-con-inner\">\n\t\t<div class=\"elementor-element elementor-element-79ae5b3 e-con-full e-flex e-con e-child\" data-id=\"79ae5b3\" data-element_type=\"container\" data-e-type=\"container\">\n\t\t<div class=\"elementor-element elementor-element-f7a1070 e-con-full e-flex e-con e-child\" data-id=\"f7a1070\" data-element_type=\"container\" data-e-type=\"container\">\n\t\t\t\t<div class=\"elementor-element elementor-element-5e32710 elementor-widget elementor-widget-image\" data-id=\"5e32710\" data-element_type=\"widget\" data-e-type=\"widget\" data-widget_type=\"image.default\">\n\t\t\t\t<div class=\"elementor-widget-container\">\n\t\t\t\t\t\t\t\t\t\t\t\t\t\t\t<img loading=\"lazy\" decoding=\"async\" width=\"425\" height=\"425\" src=\"https:\/\/deraiztrufas.es\/wp-content\/uploads\/2024\/12\/12132.jpg\" class=\"attachment-full size-full wp-image-3307\" alt=\"\" srcset=\"https:\/\/deraiztrufas.es\/wp-content\/uploads\/2024\/12\/12132.jpg 425w, https:\/\/deraiztrufas.es\/wp-content\/uploads\/2024\/12\/12132-300x300.jpg 300w, https:\/\/deraiztrufas.es\/wp-content\/uploads\/2024\/12\/12132-150x150.jpg 150w, https:\/\/deraiztrufas.es\/wp-content\/uploads\/2024\/12\/12132-12x12.jpg 12w\" sizes=\"(max-width: 425px) 100vw, 425px\" \/>\t\t\t\t\t\t\t\t\t\t\t\t\t\t\t<\/div>\n\t\t\t\t<\/div>\n\t\t\t\t<\/div>\n\t\t<div class=\"elementor-element elementor-element-291aa00 e-con-full e-flex e-con e-child\" data-id=\"291aa00\" data-element_type=\"container\" data-e-type=\"container\">\n\t\t\t\t<div class=\"elementor-element elementor-element-2a4b47b elementor-widget elementor-widget-heading\" data-id=\"2a4b47b\" data-element_type=\"widget\" data-e-type=\"widget\" data-widget_type=\"heading.default\">\n\t\t\t\t<div class=\"elementor-widget-container\">\n\t\t\t\t\t<h2 class=\"elementor-heading-title elementor-size-default\">Comment congeler les truffes<\/h2>\t\t\t\t<\/div>\n\t\t\t\t<\/div>\n\t\t\t\t<div class=\"elementor-element elementor-element-0164515 elementor-widget elementor-widget-image-box\" data-id=\"0164515\" data-element_type=\"widget\" data-e-type=\"widget\" data-widget_type=\"image-box.default\">\n\t\t\t\t<div class=\"elementor-widget-container\">\n\t\t\t\t\t<div class=\"elementor-image-box-wrapper\"><div class=\"elementor-image-box-content\"><p class=\"elementor-image-box-description\">Il est possible de congeler les truffes et, avec une bonne proc\u00e9dure, de les conserver jusqu'\u00e0 un an. Toutefois, il faut savoir que le processus de cong\u00e9lation peut l\u00e9g\u00e8rement affecter les ar\u00f4mes caract\u00e9ristiques des truffes, en r\u00e9duisant leur intensit\u00e9. Il est donc important de pr\u00eater attention \u00e0 la mani\u00e8re dont ce processus est effectu\u00e9 afin de minimiser la perte de qualit\u00e9.<br><br>\n\nLa premi\u00e8re \u00e9tape pour congeler correctement les truffes consiste \u00e0 les emballer individuellement dans du papier d'aluminium. Cela les prot\u00e8ge du contact direct avec l'air et des br\u00fblures de cong\u00e9lation, facteurs qui pourraient alt\u00e9rer leur texture et leur saveur. Une fois emball\u00e9es, les truffes sont plac\u00e9es dans un sac herm\u00e9tique, par exemple un sac \u00e0 fermeture \u00e9clair, en veillant \u00e0 \u00e9liminer le plus d'air possible avant de le fermer.<br><br>\n\nEnfin, \u00e9tiquetez le sachet avec la date pour garder une trace de la dur\u00e9e de conservation. Bien que les truffes puissent \u00eatre conserv\u00e9es au cong\u00e9lateur pendant des mois, plus t\u00f4t vous les utiliserez, mieux elles conserveront leur essence. Cette m\u00e9thode simple et efficace est id\u00e9ale pour conserver cet ingr\u00e9dient pr\u00e9cieux au-del\u00e0 de sa saison.<\/p><\/div><\/div>\t\t\t\t<\/div>\n\t\t\t\t<\/div>\n\t\t\t\t<\/div>\n\t\t\t\t<\/div>\n\t\t\t\t\t<\/div>\n\t\t\t\t<\/div>\n\t\t\t\t<\/div>","protected":false},"excerpt":{"rendered":"<p>LOS SECRETOS PARA PRESERVAR LA FRESCURA Conservaci\u00f3n de la Trufa Negra La base del m\u00e9todo Las trufas negras son un manjar delicado que requiere cuidados espec\u00edficos para mantener su aroma y sabor en \u00f3ptimas condiciones. Lo primero y m\u00e1s importante es asegurarse de que est\u00e9n siempre refrigeradas, ya que la temperatura ambiente acelera su deterioro. [&hellip;]<\/p>\n","protected":false},"author":1,"featured_media":0,"parent":0,"menu_order":0,"comment_status":"closed","ping_status":"closed","template":"","meta":{"site-sidebar-layout":"no-sidebar","site-content-layout":"page-builder","ast-site-content-layout":"full-width-container","site-content-style":"unboxed","site-sidebar-style":"unboxed","ast-global-header-display":"","ast-banner-title-visibility":"","ast-main-header-display":"","ast-hfb-above-header-display":"","ast-hfb-below-header-display":"","ast-hfb-mobile-header-display":"","site-post-title":"disabled","ast-breadcrumbs-content":"","ast-featured-img":"disabled","footer-sml-layout":"","ast-disable-related-posts":"","theme-transparent-header-meta":"default","adv-header-id-meta":"","stick-header-meta":"","header-above-stick-meta":"","header-main-stick-meta":"","header-below-stick-meta":"","astra-migrate-meta-layouts":"set","ast-page-background-enabled":"default","ast-page-background-meta":{"desktop":{"background-color":"","background-image":"","background-repeat":"repeat","background-position":"center center","background-size":"auto","background-attachment":"scroll","background-type":"","background-media":"","overlay-type":"","overlay-color":"","overlay-opacity":"","overlay-gradient":""},"tablet":{"background-color":"","background-image":"","background-repeat":"repeat","background-position":"center center","background-size":"auto","background-attachment":"scroll","background-type":"","background-media":"","overlay-type":"","overlay-color":"","overlay-opacity":"","overlay-gradient":""},"mobile":{"background-color":"","background-image":"","background-repeat":"repeat","background-position":"center center","background-size":"auto","background-attachment":"scroll","background-type":"","background-media":"","overlay-type":"","overlay-color":"","overlay-opacity":"","overlay-gradient":""}},"ast-content-background-meta":{"desktop":{"background-color":"var(--ast-global-color-5)","background-image":"","background-repeat":"repeat","background-position":"center center","background-size":"auto","background-attachment":"scroll","background-type":"","background-media":"","overlay-type":"","overlay-color":"","overlay-opacity":"","overlay-gradient":""},"tablet":{"background-color":"var(--ast-global-color-5)","background-image":"","background-repeat":"repeat","background-position":"center center","background-size":"auto","background-attachment":"scroll","background-type":"","background-media":"","overlay-type":"","overlay-color":"","overlay-opacity":"","overlay-gradient":""},"mobile":{"background-color":"var(--ast-global-color-5)","background-image":"","background-repeat":"repeat","background-position":"center center","background-size":"auto","background-attachment":"scroll","background-type":"","background-media":"","overlay-type":"","overlay-color":"","overlay-opacity":"","overlay-gradient":""}},"footnotes":""},"class_list":["post-2075","page","type-page","status-publish","hentry"],"_links":{"self":[{"href":"https:\/\/deraiztrufas.es\/fr\/wp-json\/wp\/v2\/pages\/2075","targetHints":{"allow":["GET"]}}],"collection":[{"href":"https:\/\/deraiztrufas.es\/fr\/wp-json\/wp\/v2\/pages"}],"about":[{"href":"https:\/\/deraiztrufas.es\/fr\/wp-json\/wp\/v2\/types\/page"}],"author":[{"embeddable":true,"href":"https:\/\/deraiztrufas.es\/fr\/wp-json\/wp\/v2\/users\/1"}],"replies":[{"embeddable":true,"href":"https:\/\/deraiztrufas.es\/fr\/wp-json\/wp\/v2\/comments?post=2075"}],"version-history":[{"count":95,"href":"https:\/\/deraiztrufas.es\/fr\/wp-json\/wp\/v2\/pages\/2075\/revisions"}],"predecessor-version":[{"id":3721,"href":"https:\/\/deraiztrufas.es\/fr\/wp-json\/wp\/v2\/pages\/2075\/revisions\/3721"}],"wp:attachment":[{"href":"https:\/\/deraiztrufas.es\/fr\/wp-json\/wp\/v2\/media?parent=2075"}],"curies":[{"name":"wp","href":"https:\/\/api.w.org\/{rel}","templated":true}]}}