{"id":2063,"date":"2024-11-27T12:25:07","date_gmt":"2024-11-27T11:25:07","guid":{"rendered":"https:\/\/deraiztrufas.es\/?page_id=2063"},"modified":"2024-12-16T11:51:48","modified_gmt":"2024-12-16T10:51:48","slug":"recoleccion","status":"publish","type":"page","link":"https:\/\/deraiztrufas.es\/fr\/recoleccion\/","title":{"rendered":"Collection"},"content":{"rendered":"<div data-elementor-type=\"wp-page\" data-elementor-id=\"2063\" class=\"elementor elementor-2063\" data-elementor-post-type=\"page\">\n\t\t\t\t<div class=\"elementor-element elementor-element-42bbf3bf e-flex e-con-boxed e-con e-parent\" data-id=\"42bbf3bf\" data-element_type=\"container\" data-settings=\"{&quot;background_background&quot;:&quot;classic&quot;}\">\n\t\t\t\t\t<div class=\"e-con-inner\">\n\t\t\t\t<div class=\"elementor-element elementor-element-540c25af elementor-widget elementor-widget-heading\" data-id=\"540c25af\" data-element_type=\"widget\" data-widget_type=\"heading.default\">\n\t\t\t\t<div class=\"elementor-widget-container\">\n\t\t\t\t\t<h3 class=\"elementor-heading-title elementor-size-default\">L'ART DE SA CULTURE<\/h3>\t\t\t\t<\/div>\n\t\t\t\t<\/div>\n\t\t\t\t<div class=\"elementor-element elementor-element-11b38263 elementor-widget elementor-widget-image-box\" data-id=\"11b38263\" data-element_type=\"widget\" data-widget_type=\"image-box.default\">\n\t\t\t\t<div class=\"elementor-widget-container\">\n\t\t\t\t\t<div class=\"elementor-image-box-wrapper\"><div class=\"elementor-image-box-content\"><h1 class=\"elementor-image-box-title\">R\u00e9colte de la truffe noire<\/h1><\/div><\/div>\t\t\t\t<\/div>\n\t\t\t\t<\/div>\n\t\t\t\t\t<\/div>\n\t\t\t\t<\/div>\n\t\t<div class=\"elementor-element elementor-element-vqb5is0 e-flex e-con-boxed e-con e-parent\" data-id=\"vqb5is0\" data-element_type=\"container\" data-settings=\"{&quot;background_background&quot;:&quot;classic&quot;}\">\n\t\t\t\t\t<div class=\"e-con-inner\">\n\t\t<div class=\"elementor-element elementor-element-138f87f e-con-full e-flex e-con e-child\" data-id=\"138f87f\" data-element_type=\"container\">\n\t\t<div class=\"elementor-element elementor-element-4eb2fa1 e-con-full e-flex e-con e-child\" data-id=\"4eb2fa1\" data-element_type=\"container\">\n\t\t\t\t<div class=\"elementor-element elementor-element-6662fdf elementor-widget elementor-widget-heading\" data-id=\"6662fdf\" data-element_type=\"widget\" data-widget_type=\"heading.default\">\n\t\t\t\t<div class=\"elementor-widget-container\">\n\t\t\t\t\t<h2 class=\"elementor-heading-title elementor-size-default\">Le secret est dans les racines<\/h2>\t\t\t\t<\/div>\n\t\t\t\t<\/div>\n\t\t\t\t<div class=\"elementor-element elementor-element-7ca36f9 elementor-widget elementor-widget-image-box\" data-id=\"7ca36f9\" data-element_type=\"widget\" data-widget_type=\"image-box.default\">\n\t\t\t\t<div class=\"elementor-widget-container\">\n\t\t\t\t\t<div class=\"elementor-image-box-wrapper\"><div class=\"elementor-image-box-content\"><p class=\"elementor-image-box-description\">Pour comprendre la culture de la truffe, il faut d'abord conna\u00eetre son milieu naturel et la relation symbiotique qu'elle entretient avec certains arbres. Cette culture n\u00e9cessite non seulement de la patience, mais aussi une connaissance approfondie du sol et des conditions id\u00e9ales pour leur d\u00e9veloppement.<br><br>\n\nLes truffes poussent sous terre, au pied d'arbres tels que le ch\u00eane vert, le ch\u00eane ou le noisetier. Elles \u00e9tablissent une symbiose avec les racines de l'arbre, ce qui est b\u00e9n\u00e9fique pour les deux parties : les truffes fournissent des nutriments essentiels et les arbres, \u00e0 leur tour, aident ces d\u00e9licats bijoux souterrains \u00e0 prosp\u00e9rer. Ce lien est la cl\u00e9 du succ\u00e8s de leur culture.<br><br>\nLa culture des truffes est un processus long et complexe, mais les r\u00e9sultats en valent la peine. Avec un sol ad\u00e9quat, des soins constants et l'aide d'un chien, vous pouvez transformer des ann\u00e9es de travail en un tr\u00e9sor gastronomique.<\/p><\/div><\/div>\t\t\t\t<\/div>\n\t\t\t\t<\/div>\n\t\t\t\t<\/div>\n\t\t<div class=\"elementor-element elementor-element-d5964f1 e-con-full e-flex e-con e-child\" data-id=\"d5964f1\" data-element_type=\"container\">\n\t\t\t\t<div class=\"elementor-element elementor-element-b1ff7eb elementor-widget elementor-widget-image\" data-id=\"b1ff7eb\" data-element_type=\"widget\" data-widget_type=\"image.default\">\n\t\t\t\t<div class=\"elementor-widget-container\">\n\t\t\t\t\t\t\t\t\t\t\t\t\t\t\t<img fetchpriority=\"high\" decoding=\"async\" width=\"768\" height=\"1024\" src=\"https:\/\/deraiztrufas.es\/wp-content\/uploads\/2024\/12\/1734302384817-768x1024.jpg\" class=\"attachment-large size-large wp-image-3691\" alt=\"\" srcset=\"https:\/\/deraiztrufas.es\/wp-content\/uploads\/2024\/12\/1734302384817-768x1024.jpg 768w, https:\/\/deraiztrufas.es\/wp-content\/uploads\/2024\/12\/1734302384817-225x300.jpg 225w, https:\/\/deraiztrufas.es\/wp-content\/uploads\/2024\/12\/1734302384817-1152x1536.jpg 1152w, https:\/\/deraiztrufas.es\/wp-content\/uploads\/2024\/12\/1734302384817-1536x2048.jpg 1536w, https:\/\/deraiztrufas.es\/wp-content\/uploads\/2024\/12\/1734302384817-9x12.jpg 9w, https:\/\/deraiztrufas.es\/wp-content\/uploads\/2024\/12\/1734302384817-scaled.jpg 1920w\" sizes=\"(max-width: 768px) 100vw, 768px\" \/>\t\t\t\t\t\t\t\t\t\t\t\t\t\t\t<\/div>\n\t\t\t\t<\/div>\n\t\t\t\t<\/div>\n\t\t\t\t<\/div>\n\t\t\t\t\t<\/div>\n\t\t\t\t<\/div>\n\t\t\t\t<\/div>","protected":false},"excerpt":{"rendered":"<p>L'ART DE LEUR CULTURE R\u00e9colte de la truffe noire Le secret est dans les racines Pour comprendre la culture de la truffe, il faut d'abord conna\u00eetre son milieu naturel et la relation symbiotique qu'elle entretient avec certains arbres. Cette culture n\u00e9cessite non seulement de la patience, mais aussi une connaissance approfondie du sol et des [...]<\/p>","protected":false},"author":1,"featured_media":0,"parent":0,"menu_order":0,"comment_status":"closed","ping_status":"closed","template":"","meta":{"site-sidebar-layout":"no-sidebar","site-content-layout":"page-builder","ast-site-content-layout":"full-width-container","site-content-style":"unboxed","site-sidebar-style":"unboxed","ast-global-header-display":"","ast-banner-title-visibility":"","ast-main-header-display":"","ast-hfb-above-header-display":"","ast-hfb-below-header-display":"","ast-hfb-mobile-header-display":"","site-post-title":"disabled","ast-breadcrumbs-content":"","ast-featured-img":"disabled","footer-sml-layout":"","theme-transparent-header-meta":"default","adv-header-id-meta":"","stick-header-meta":"","header-above-stick-meta":"","header-main-stick-meta":"","header-below-stick-meta":"","astra-migrate-meta-layouts":"set","ast-page-background-enabled":"default","ast-page-background-meta":{"desktop":{"background-color":"","background-image":"","background-repeat":"repeat","background-position":"center center","background-size":"auto","background-attachment":"scroll","background-type":"","background-media":"","overlay-type":"","overlay-color":"","overlay-opacity":"","overlay-gradient":""},"tablet":{"background-color":"","background-image":"","background-repeat":"repeat","background-position":"center center","background-size":"auto","background-attachment":"scroll","background-type":"","background-media":"","overlay-type":"","overlay-color":"","overlay-opacity":"","overlay-gradient":""},"mobile":{"background-color":"","background-image":"","background-repeat":"repeat","background-position":"center center","background-size":"auto","background-attachment":"scroll","background-type":"","background-media":"","overlay-type":"","overlay-color":"","overlay-opacity":"","overlay-gradient":""}},"ast-content-background-meta":{"desktop":{"background-color":"var(--ast-global-color-5)","background-image":"","background-repeat":"repeat","background-position":"center center","background-size":"auto","background-attachment":"scroll","background-type":"","background-media":"","overlay-type":"","overlay-color":"","overlay-opacity":"","overlay-gradient":""},"tablet":{"background-color":"var(--ast-global-color-5)","background-image":"","background-repeat":"repeat","background-position":"center center","background-size":"auto","background-attachment":"scroll","background-type":"","background-media":"","overlay-type":"","overlay-color":"","overlay-opacity":"","overlay-gradient":""},"mobile":{"background-color":"var(--ast-global-color-5)","background-image":"","background-repeat":"repeat","background-position":"center center","background-size":"auto","background-attachment":"scroll","background-type":"","background-media":"","overlay-type":"","overlay-color":"","overlay-opacity":"","overlay-gradient":""}},"footnotes":""},"class_list":["post-2063","page","type-page","status-publish","hentry"],"_links":{"self":[{"href":"https:\/\/deraiztrufas.es\/fr\/wp-json\/wp\/v2\/pages\/2063","targetHints":{"allow":["GET"]}}],"collection":[{"href":"https:\/\/deraiztrufas.es\/fr\/wp-json\/wp\/v2\/pages"}],"about":[{"href":"https:\/\/deraiztrufas.es\/fr\/wp-json\/wp\/v2\/types\/page"}],"author":[{"embeddable":true,"href":"https:\/\/deraiztrufas.es\/fr\/wp-json\/wp\/v2\/users\/1"}],"replies":[{"embeddable":true,"href":"https:\/\/deraiztrufas.es\/fr\/wp-json\/wp\/v2\/comments?post=2063"}],"version-history":[{"count":64,"href":"https:\/\/deraiztrufas.es\/fr\/wp-json\/wp\/v2\/pages\/2063\/revisions"}],"predecessor-version":[{"id":3694,"href":"https:\/\/deraiztrufas.es\/fr\/wp-json\/wp\/v2\/pages\/2063\/revisions\/3694"}],"wp:attachment":[{"href":"https:\/\/deraiztrufas.es\/fr\/wp-json\/wp\/v2\/media?parent=2063"}],"curies":[{"name":"wp","href":"https:\/\/api.w.org\/{rel}","templated":true}]}}