{"id":1090,"date":"2024-09-25T11:12:02","date_gmt":"2024-09-25T09:12:02","guid":{"rendered":"https:\/\/deraiztrufas.es\/?page_id=1090"},"modified":"2024-09-25T11:13:38","modified_gmt":"2024-09-25T09:13:38","slug":"aviso-legal","status":"publish","type":"page","link":"https:\/\/deraiztrufas.es\/fr\/aviso-legal\/","title":{"rendered":"Avis juridique"},"content":{"rendered":"<h2 class=\"wp-block-heading\">Avis juridique<\/h2>\r\n\r\n\r\n\r\n<p><span style=\"font-size: 16px;\">Le pr\u00e9sent AVIS L\u00c9GAL r\u00e9git les droits et les obligations de deraiztrufas.es et des utilisateurs en ce qui concerne l'acc\u00e8s, la navigation et l'utilisation de ce site Web, sans pr\u00e9judice du fait que https:\/\/deraiztrufas.es\/ se r\u00e9serve le droit de modifier, sans pr\u00e9avis, ses contenus, ceux publi\u00e9s au moment de la navigation restant en vigueur.<\/span><\/p>\r\n<div class=\"elementor-element elementor-element-daff07b elementor-widget elementor-widget-text-editor\" data-id=\"daff07b\" data-element_type=\"widget\" data-widget_type=\"text-editor.default\">\r\n<div class=\"elementor-widget-container\">\r\n<p>La navigation, la visualisation et l'utilisation de ce site Web vous conf\u00e8rent le statut d'utilisateur, ce qui implique votre acceptation expresse de toutes les clauses indiqu\u00e9es dans le pr\u00e9sent avis juridique, ainsi que des autres avertissements ou clauses sp\u00e9cifiques \u00e9tablis dans les diff\u00e9rentes sections pour la conclusion de contrats, l'utilisation de services, de produits, d'enregistrements ou de sections de la page.<br \/>Par cons\u00e9quent, si vous n'acceptez pas les clauses \u00e9nonc\u00e9es dans le pr\u00e9sent avis juridique, vous devez vous abstenir d'acc\u00e9der et\/ou d'utiliser les services et\/ou les contenus mis \u00e0 votre disposition sur le site, et vous devez quitter le site.<br \/>deraiztrufas.es peut r\u00e9silier, suspendre ou interrompre, \u00e0 tout moment et sans pr\u00e9avis, l'acc\u00e8s aux contenus du site web, sans que l'utilisateur puisse pr\u00e9tendre \u00e0 une quelconque indemnisation. Toutefois, en cas de fermeture de la plateforme, une tentative de remboursement des paiements effectu\u00e9s pour les abonnements annuels non termin\u00e9s sera effectu\u00e9e.<br \/>Informations personnelles et fiscales de la personne responsable du site web.<\/p>\r\n<p>Identit\u00e9 de la personne responsable : Joel Aldabas Igual<br \/>Nom commercial : <span style=\"font-weight: 400;\">DE RACINES DE TRUFFES<\/span><br \/>Adresse : C Oller\u00edas del Calvario, nro. 38 1, 44001, Teruel<br \/>T\u00e9l\u00e9phone : 686665885<br \/>Courriel : aldabasigual@gmail.com<br \/>Nom du site : https:\/\/deraiztrufas.es\/<br \/>Forme de revenu :<br \/>Le site ** deraiztrufas.es** est un site d'entreprise qui ne g\u00e9n\u00e8re pas de revenus en ligne.<\/p>\r\n<p>Services :<br \/>- Vente de truffe noire pour les professionnels<br \/>- Vente de truffes noires \u00e0 des particuliers<br \/>- Conseils pour la conservation et l'utilisation des truffes<br \/>- Commandes personnalis\u00e9es<\/p>\r\n<\/div>\r\n<\/div>\r\n<div class=\"elementor-element elementor-element-ac84d8f elementor-widget elementor-widget-heading\" data-id=\"ac84d8f\" data-element_type=\"widget\" data-widget_type=\"heading.default\">\r\n<div class=\"elementor-widget-container\">\r\n<h2 class=\"elementor-heading-title elementor-size-default\">Conditions d'utilisation<\/h2>\r\n<\/div>\r\n<\/div>\r\n<div class=\"elementor-element elementor-element-a39ef73 elementor-widget elementor-widget-text-editor\" data-id=\"a39ef73\" data-element_type=\"widget\" data-widget_type=\"text-editor.default\">\r\n<div class=\"elementor-widget-container\">\r\n<p>En naviguant sur ce site, vous acceptez tacitement les conditions d'utilisation et de protection de la vie priv\u00e9e, et vous d\u00e9clarez avoir lu l'avis juridique.<br \/>Ni ce site web ni ses repr\u00e9sentants l\u00e9gaux ne sont responsables du contenu ou de la v\u00e9racit\u00e9 des politiques de confidentialit\u00e9 que les services de tiers ext\u00e9rieurs \u00e0 ce site web peuvent avoir.<br \/>La copie ou la transcription de tout ou partie d'un texte de ce site web pour quelque usage que ce soit est express\u00e9ment interdite. Les textes de ce site web sont destin\u00e9s \u00e0 \u00eatre lus uniquement, veuillez vous abstenir de les utiliser \u00e0 d'autres fins.<br \/>Il est express\u00e9ment interdit de copier ou de t\u00e9l\u00e9charger des images de ce site web.<br \/>Il est interdit d'\u00e9tablir des liens directs avec les images de ce site web.<br \/>Il est permis de copier et d'utiliser les structures HTML et les styles CSS utilis\u00e9s dans ce site web, \u00e0 condition que ce ne soit que partiellement et jamais dans leur int\u00e9gralit\u00e9, g\u00e9n\u00e9rant ainsi un site web identique \u00e0 celui-ci.<br \/>En cas de non-respect de ces conditions, nous pourrions \u00eatre oblig\u00e9s de prendre des mesures juridiques appropri\u00e9es.<\/p>\r\n<\/div>\r\n<\/div>","protected":false},"excerpt":{"rendered":"<p>Avis juridique Le pr\u00e9sent AVIS L\u00c9GAL r\u00e9git les droits et obligations de deraiztrufas.es et des utilisateurs en ce qui concerne l'acc\u00e8s, la navigation et l'utilisation de ce site Web, sans pr\u00e9judice du fait que https:\/\/deraiztrufas.es\/ se r\u00e9serve le droit de modifier, sans pr\u00e9avis, ses contenus, ceux publi\u00e9s au moment de la publication \u00e9tant valables.<\/p>","protected":false},"author":1,"featured_media":0,"parent":0,"menu_order":0,"comment_status":"closed","ping_status":"closed","template":"","meta":{"site-sidebar-layout":"default","site-content-layout":"","ast-site-content-layout":"default","site-content-style":"default","site-sidebar-style":"default","ast-global-header-display":"","ast-banner-title-visibility":"","ast-main-header-display":"","ast-hfb-above-header-display":"","ast-hfb-below-header-display":"","ast-hfb-mobile-header-display":"","site-post-title":"disabled","ast-breadcrumbs-content":"","ast-featured-img":"","footer-sml-layout":"","theme-transparent-header-meta":"default","adv-header-id-meta":"","stick-header-meta":"","header-above-stick-meta":"","header-main-stick-meta":"","header-below-stick-meta":"","astra-migrate-meta-layouts":"set","ast-page-background-enabled":"default","ast-page-background-meta":{"desktop":{"background-color":"","background-image":"","background-repeat":"repeat","background-position":"center center","background-size":"auto","background-attachment":"scroll","background-type":"","background-media":"","overlay-type":"","overlay-color":"","overlay-opacity":"","overlay-gradient":""},"tablet":{"background-color":"","background-image":"","background-repeat":"repeat","background-position":"center center","background-size":"auto","background-attachment":"scroll","background-type":"","background-media":"","overlay-type":"","overlay-color":"","overlay-opacity":"","overlay-gradient":""},"mobile":{"background-color":"","background-image":"","background-repeat":"repeat","background-position":"center center","background-size":"auto","background-attachment":"scroll","background-type":"","background-media":"","overlay-type":"","overlay-color":"","overlay-opacity":"","overlay-gradient":""}},"ast-content-background-meta":{"desktop":{"background-color":"var(--ast-global-color-5)","background-image":"","background-repeat":"repeat","background-position":"center center","background-size":"auto","background-attachment":"scroll","background-type":"","background-media":"","overlay-type":"","overlay-color":"","overlay-opacity":"","overlay-gradient":""},"tablet":{"background-color":"var(--ast-global-color-5)","background-image":"","background-repeat":"repeat","background-position":"center center","background-size":"auto","background-attachment":"scroll","background-type":"","background-media":"","overlay-type":"","overlay-color":"","overlay-opacity":"","overlay-gradient":""},"mobile":{"background-color":"var(--ast-global-color-5)","background-image":"","background-repeat":"repeat","background-position":"center center","background-size":"auto","background-attachment":"scroll","background-type":"","background-media":"","overlay-type":"","overlay-color":"","overlay-opacity":"","overlay-gradient":""}},"footnotes":""},"class_list":["post-1090","page","type-page","status-publish","hentry"],"_links":{"self":[{"href":"https:\/\/deraiztrufas.es\/fr\/wp-json\/wp\/v2\/pages\/1090","targetHints":{"allow":["GET"]}}],"collection":[{"href":"https:\/\/deraiztrufas.es\/fr\/wp-json\/wp\/v2\/pages"}],"about":[{"href":"https:\/\/deraiztrufas.es\/fr\/wp-json\/wp\/v2\/types\/page"}],"author":[{"embeddable":true,"href":"https:\/\/deraiztrufas.es\/fr\/wp-json\/wp\/v2\/users\/1"}],"replies":[{"embeddable":true,"href":"https:\/\/deraiztrufas.es\/fr\/wp-json\/wp\/v2\/comments?post=1090"}],"version-history":[{"count":4,"href":"https:\/\/deraiztrufas.es\/fr\/wp-json\/wp\/v2\/pages\/1090\/revisions"}],"predecessor-version":[{"id":1094,"href":"https:\/\/deraiztrufas.es\/fr\/wp-json\/wp\/v2\/pages\/1090\/revisions\/1094"}],"wp:attachment":[{"href":"https:\/\/deraiztrufas.es\/fr\/wp-json\/wp\/v2\/media?parent=1090"}],"curies":[{"name":"wp","href":"https:\/\/api.w.org\/{rel}","templated":true}]}}