{"id":2075,"date":"2024-11-27T12:28:15","date_gmt":"2024-11-27T11:28:15","guid":{"rendered":"https:\/\/deraiztrufas.es\/?page_id=2075"},"modified":"2024-12-16T13:07:15","modified_gmt":"2024-12-16T12:07:15","slug":"conservacion","status":"publish","type":"page","link":"https:\/\/deraiztrufas.es\/en\/conservacion\/","title":{"rendered":"Conservation"},"content":{"rendered":"<div data-elementor-type=\"wp-page\" data-elementor-id=\"2075\" class=\"elementor elementor-2075\" data-elementor-post-type=\"page\">\n\t\t\t\t<div class=\"elementor-element elementor-element-2235db5 e-flex e-con-boxed e-con e-parent\" data-id=\"2235db5\" data-element_type=\"container\" data-e-type=\"container\" data-settings=\"{&quot;background_background&quot;:&quot;classic&quot;}\">\n\t\t\t\t\t<div class=\"e-con-inner\">\n\t\t\t\t<div class=\"elementor-element elementor-element-2b40a75 elementor-widget elementor-widget-heading\" data-id=\"2b40a75\" data-element_type=\"widget\" data-e-type=\"widget\" data-widget_type=\"heading.default\">\n\t\t\t\t<div class=\"elementor-widget-container\">\n\t\t\t\t\t<h3 class=\"elementor-heading-title elementor-size-default\">THE SECRETS TO PRESERVING FRESHNESS<\/h3>\t\t\t\t<\/div>\n\t\t\t\t<\/div>\n\t\t\t\t<div class=\"elementor-element elementor-element-9b69132 elementor-widget elementor-widget-image-box\" data-id=\"9b69132\" data-element_type=\"widget\" data-e-type=\"widget\" data-widget_type=\"image-box.default\">\n\t\t\t\t<div class=\"elementor-widget-container\">\n\t\t\t\t\t<div class=\"elementor-image-box-wrapper\"><div class=\"elementor-image-box-content\"><h1 class=\"elementor-image-box-title\">Conservation of the Black Truffle<\/h1><\/div><\/div>\t\t\t\t<\/div>\n\t\t\t\t<\/div>\n\t\t\t\t\t<\/div>\n\t\t\t\t<\/div>\n\t\t<div class=\"elementor-element elementor-element-39fpb1v e-flex e-con-boxed e-con e-parent\" data-id=\"39fpb1v\" data-element_type=\"container\" data-e-type=\"container\" data-settings=\"{&quot;background_background&quot;:&quot;classic&quot;}\">\n\t\t\t\t\t<div class=\"e-con-inner\">\n\t\t<div class=\"elementor-element elementor-element-138f87f e-con-full e-flex e-con e-child\" data-id=\"138f87f\" data-element_type=\"container\" data-e-type=\"container\">\n\t\t<div class=\"elementor-element elementor-element-4eb2fa1 e-con-full e-flex e-con e-child\" data-id=\"4eb2fa1\" data-element_type=\"container\" data-e-type=\"container\">\n\t\t\t\t<div class=\"elementor-element elementor-element-6662fdf elementor-widget elementor-widget-heading\" data-id=\"6662fdf\" data-element_type=\"widget\" data-e-type=\"widget\" data-widget_type=\"heading.default\">\n\t\t\t\t<div class=\"elementor-widget-container\">\n\t\t\t\t\t<h2 class=\"elementor-heading-title elementor-size-default\">The basis of the method<\/h2>\t\t\t\t<\/div>\n\t\t\t\t<\/div>\n\t\t\t\t<div class=\"elementor-element elementor-element-7ca36f9 elementor-widget elementor-widget-image-box\" data-id=\"7ca36f9\" data-element_type=\"widget\" data-e-type=\"widget\" data-widget_type=\"image-box.default\">\n\t\t\t\t<div class=\"elementor-widget-container\">\n\t\t\t\t\t<div class=\"elementor-image-box-wrapper\"><div class=\"elementor-image-box-content\"><p class=\"elementor-image-box-description\">Black truffles are a delicate delicacy that requires specific care to maintain their aroma and flavor in optimal conditions. The first and most important thing is to make sure they are always refrigerated, since room temperature accelerates their deterioration. To preserve them correctly, they should be kept at a controlled temperature between 1\u00baC and 4\u00baC, which helps to preserve their freshness and prevent the loss of their characteristic aroma.<br><br>\nIn addition to temperature, the method of storage is critical. Truffles should be stored in an airtight container that prevents air entry and moisture accumulation. Absorbent paper towels are an effective alternative, although they need to be changed regularly to ensure their effectiveness.<br><br>\nFinally, it is essential that they be slightly ventilated on a daily basis. Opening the container once or twice a day prevents the accumulation of excess moisture and allows the truffles to breathe properly. If you prefer more traditional methods, you can store them in an earthenware container covered with a clean cloth, which also helps to maintain a natural balance in their conservation. With these measures, you can enjoy fresh and flavorful black truffles for longer.<\/p><\/div><\/div>\t\t\t\t<\/div>\n\t\t\t\t<\/div>\n\t\t\t\t<\/div>\n\t\t<div class=\"elementor-element elementor-element-d5964f1 e-con-full e-flex e-con e-child\" data-id=\"d5964f1\" data-element_type=\"container\" data-e-type=\"container\" data-settings=\"{&quot;background_background&quot;:&quot;slideshow&quot;,&quot;background_slideshow_gallery&quot;:[],&quot;background_slideshow_loop&quot;:&quot;yes&quot;,&quot;background_slideshow_slide_duration&quot;:5000,&quot;background_slideshow_slide_transition&quot;:&quot;fade&quot;,&quot;background_slideshow_transition_duration&quot;:500}\">\n\t\t\t\t<div class=\"elementor-element elementor-element-f6d97cd elementor-widget elementor-widget-image\" data-id=\"f6d97cd\" data-element_type=\"widget\" data-e-type=\"widget\" data-widget_type=\"image.default\">\n\t\t\t\t<div class=\"elementor-widget-container\">\n\t\t\t\t\t\t\t\t\t\t\t\t\t\t\t<img fetchpriority=\"high\" decoding=\"async\" width=\"425\" height=\"425\" src=\"https:\/\/deraiztrufas.es\/wp-content\/uploads\/2024\/12\/12321.jpg\" class=\"attachment-full size-full wp-image-3308\" alt=\"\" srcset=\"https:\/\/deraiztrufas.es\/wp-content\/uploads\/2024\/12\/12321.jpg 425w, https:\/\/deraiztrufas.es\/wp-content\/uploads\/2024\/12\/12321-300x300.jpg 300w, https:\/\/deraiztrufas.es\/wp-content\/uploads\/2024\/12\/12321-150x150.jpg 150w, https:\/\/deraiztrufas.es\/wp-content\/uploads\/2024\/12\/12321-12x12.jpg 12w\" sizes=\"(max-width: 425px) 100vw, 425px\" \/>\t\t\t\t\t\t\t\t\t\t\t\t\t\t\t<\/div>\n\t\t\t\t<\/div>\n\t\t\t\t<\/div>\n\t\t\t\t<\/div>\n\t\t\t\t\t<\/div>\n\t\t\t\t<\/div>\n\t\t<div class=\"elementor-element elementor-element-2aa13b87 e-con-full e-flex e-con e-parent\" data-id=\"2aa13b87\" data-element_type=\"container\" data-e-type=\"container\" data-settings=\"{&quot;background_background&quot;:&quot;classic&quot;}\">\n\t\t<div class=\"elementor-element elementor-element-6dfb2b12 e-flex e-con-boxed e-con e-child\" data-id=\"6dfb2b12\" data-element_type=\"container\" data-e-type=\"container\">\n\t\t\t\t\t<div class=\"e-con-inner\">\n\t\t\t\t<div class=\"elementor-element elementor-element-1a38e298 elementor-widget elementor-widget-image-box\" data-id=\"1a38e298\" data-element_type=\"widget\" data-e-type=\"widget\" data-widget_type=\"image-box.default\">\n\t\t\t\t<div class=\"elementor-widget-container\">\n\t\t\t\t\t<div class=\"elementor-image-box-wrapper\"><div class=\"elementor-image-box-content\"><h2 class=\"elementor-image-box-title\">Some conservation methods<\/h2><\/div><\/div>\t\t\t\t<\/div>\n\t\t\t\t<\/div>\n\t\t<div class=\"elementor-element elementor-element-87678c9 e-grid e-con-full elementor-hidden-mobile e-con e-child\" data-id=\"87678c9\" data-element_type=\"container\" data-e-type=\"container\">\n\t\t\t\t<div class=\"elementor-element elementor-element-dffaf6b elementor-widget-tablet__width-initial elementor-widget elementor-widget-image\" data-id=\"dffaf6b\" data-element_type=\"widget\" data-e-type=\"widget\" data-widget_type=\"image.default\">\n\t\t\t\t<div class=\"elementor-widget-container\">\n\t\t\t\t\t\t\t\t\t\t\t\t\t\t\t<img decoding=\"async\" width=\"1024\" height=\"1024\" src=\"https:\/\/deraiztrufas.es\/wp-content\/uploads\/2024\/11\/1_Aceite_Trufa-1024x1024.png\" class=\"attachment-large size-large wp-image-2408\" alt=\"\" srcset=\"https:\/\/deraiztrufas.es\/wp-content\/uploads\/2024\/11\/1_Aceite_Trufa-1024x1024.png 1024w, https:\/\/deraiztrufas.es\/wp-content\/uploads\/2024\/11\/1_Aceite_Trufa-300x300.png 300w, https:\/\/deraiztrufas.es\/wp-content\/uploads\/2024\/11\/1_Aceite_Trufa-150x150.png 150w, https:\/\/deraiztrufas.es\/wp-content\/uploads\/2024\/11\/1_Aceite_Trufa-768x768.png 768w, https:\/\/deraiztrufas.es\/wp-content\/uploads\/2024\/11\/1_Aceite_Trufa-12x12.png 12w, https:\/\/deraiztrufas.es\/wp-content\/uploads\/2024\/11\/1_Aceite_Trufa.png 1080w\" sizes=\"(max-width: 1024px) 100vw, 1024px\" \/>\t\t\t\t\t\t\t\t\t\t\t\t\t\t\t<\/div>\n\t\t\t\t<\/div>\n\t\t\t\t<div class=\"elementor-element elementor-element-b071ef9 elementor-widget-tablet__width-initial elementor-widget elementor-widget-image\" data-id=\"b071ef9\" data-element_type=\"widget\" data-e-type=\"widget\" data-widget_type=\"image.default\">\n\t\t\t\t<div class=\"elementor-widget-container\">\n\t\t\t\t\t\t\t\t\t\t\t\t\t\t\t<img decoding=\"async\" width=\"1024\" height=\"1024\" src=\"https:\/\/deraiztrufas.es\/wp-content\/uploads\/2024\/11\/2_Mantequilla_Trufa-1024x1024.png\" class=\"attachment-large size-large wp-image-2407\" alt=\"\" srcset=\"https:\/\/deraiztrufas.es\/wp-content\/uploads\/2024\/11\/2_Mantequilla_Trufa-1024x1024.png 1024w, https:\/\/deraiztrufas.es\/wp-content\/uploads\/2024\/11\/2_Mantequilla_Trufa-300x300.png 300w, https:\/\/deraiztrufas.es\/wp-content\/uploads\/2024\/11\/2_Mantequilla_Trufa-150x150.png 150w, https:\/\/deraiztrufas.es\/wp-content\/uploads\/2024\/11\/2_Mantequilla_Trufa-768x768.png 768w, https:\/\/deraiztrufas.es\/wp-content\/uploads\/2024\/11\/2_Mantequilla_Trufa-12x12.png 12w, https:\/\/deraiztrufas.es\/wp-content\/uploads\/2024\/11\/2_Mantequilla_Trufa.png 1080w\" sizes=\"(max-width: 1024px) 100vw, 1024px\" \/>\t\t\t\t\t\t\t\t\t\t\t\t\t\t\t<\/div>\n\t\t\t\t<\/div>\n\t\t\t\t<\/div>\n\t\t<div class=\"elementor-element elementor-element-fb5c466 e-con-full e-grid e-con e-child\" data-id=\"fb5c466\" data-element_type=\"container\" data-e-type=\"container\">\n\t\t\t\t<div class=\"elementor-element elementor-element-dad648b elementor-widget elementor-widget-icon-box\" data-id=\"dad648b\" data-element_type=\"widget\" data-e-type=\"widget\" data-widget_type=\"icon-box.default\">\n\t\t\t\t<div class=\"elementor-widget-container\">\n\t\t\t\t\t\t\t<div class=\"elementor-icon-box-wrapper\">\n\n\t\t\t\n\t\t\t\t\t\t<div class=\"elementor-icon-box-content\">\n\n\t\t\t\t\t\t\t\t\t<h3 class=\"elementor-icon-box-title\">\n\t\t\t\t\t\t<span  >\n\t\t\t\t\t\t\tTruffle oil\t\t\t\t\t\t<\/span>\n\t\t\t\t\t<\/h3>\n\t\t\t\t\n\t\t\t\t\t\t\t\t\t<p class=\"elementor-icon-box-description\">\n\t\t\t\t\t\tTo capture the aroma of truffles in oil, select a quality oil and sterilize the container before use. This method not only preserves the flavor, but is also perfect for adding a special touch to your everyday dishes.\t\t\t\t\t<\/p>\n\t\t\t\t\n\t\t\t<\/div>\n\t\t\t\n\t\t<\/div>\n\t\t\t\t\t\t<\/div>\n\t\t\t\t<\/div>\n\t\t\t\t<div class=\"elementor-element elementor-element-9df8a9e elementor-widget elementor-widget-icon-box\" data-id=\"9df8a9e\" data-element_type=\"widget\" data-e-type=\"widget\" data-widget_type=\"icon-box.default\">\n\t\t\t\t<div class=\"elementor-widget-container\">\n\t\t\t\t\t\t\t<div class=\"elementor-icon-box-wrapper\">\n\n\t\t\t\n\t\t\t\t\t\t<div class=\"elementor-icon-box-content\">\n\n\t\t\t\t\t\t\t\t\t<h3 class=\"elementor-icon-box-title\">\n\t\t\t\t\t\t<span  >\n\t\t\t\t\t\t\tTruffle butter\t\t\t\t\t\t<\/span>\n\t\t\t\t\t<\/h3>\n\t\t\t\t\n\t\t\t\t\t\t\t\t\t<p class=\"elementor-icon-box-description\">\n\t\t\t\t\t\tCombine grated or finely chopped truffles with butter, either salted or unsalted. This method not only preserves their robust aroma, but also provides you with a versatile base for pastas, meats or vegetables.\t\t\t\t\t<\/p>\n\t\t\t\t\n\t\t\t<\/div>\n\t\t\t\n\t\t<\/div>\n\t\t\t\t\t\t<\/div>\n\t\t\t\t<\/div>\n\t\t\t\t<\/div>\n\t\t\t\t\t<\/div>\n\t\t\t\t<\/div>\n\t\t\t\t<\/div>\n\t\t<div class=\"elementor-element elementor-element-df55ff1 e-flex e-con-boxed e-con e-parent\" data-id=\"df55ff1\" data-element_type=\"container\" data-e-type=\"container\" data-settings=\"{&quot;background_background&quot;:&quot;classic&quot;}\">\n\t\t\t\t\t<div class=\"e-con-inner\">\n\t\t<div class=\"elementor-element elementor-element-79ae5b3 e-con-full e-flex e-con e-child\" data-id=\"79ae5b3\" data-element_type=\"container\" data-e-type=\"container\">\n\t\t<div class=\"elementor-element elementor-element-f7a1070 e-con-full e-flex e-con e-child\" data-id=\"f7a1070\" data-element_type=\"container\" data-e-type=\"container\">\n\t\t\t\t<div class=\"elementor-element elementor-element-5e32710 elementor-widget elementor-widget-image\" data-id=\"5e32710\" data-element_type=\"widget\" data-e-type=\"widget\" data-widget_type=\"image.default\">\n\t\t\t\t<div class=\"elementor-widget-container\">\n\t\t\t\t\t\t\t\t\t\t\t\t\t\t\t<img loading=\"lazy\" decoding=\"async\" width=\"425\" height=\"425\" src=\"https:\/\/deraiztrufas.es\/wp-content\/uploads\/2024\/12\/12132.jpg\" class=\"attachment-full size-full wp-image-3307\" alt=\"\" srcset=\"https:\/\/deraiztrufas.es\/wp-content\/uploads\/2024\/12\/12132.jpg 425w, https:\/\/deraiztrufas.es\/wp-content\/uploads\/2024\/12\/12132-300x300.jpg 300w, https:\/\/deraiztrufas.es\/wp-content\/uploads\/2024\/12\/12132-150x150.jpg 150w, https:\/\/deraiztrufas.es\/wp-content\/uploads\/2024\/12\/12132-12x12.jpg 12w\" sizes=\"(max-width: 425px) 100vw, 425px\" \/>\t\t\t\t\t\t\t\t\t\t\t\t\t\t\t<\/div>\n\t\t\t\t<\/div>\n\t\t\t\t<\/div>\n\t\t<div class=\"elementor-element elementor-element-291aa00 e-con-full e-flex e-con e-child\" data-id=\"291aa00\" data-element_type=\"container\" data-e-type=\"container\">\n\t\t\t\t<div class=\"elementor-element elementor-element-2a4b47b elementor-widget elementor-widget-heading\" data-id=\"2a4b47b\" data-element_type=\"widget\" data-e-type=\"widget\" data-widget_type=\"heading.default\">\n\t\t\t\t<div class=\"elementor-widget-container\">\n\t\t\t\t\t<h2 class=\"elementor-heading-title elementor-size-default\">How to freeze truffles<\/h2>\t\t\t\t<\/div>\n\t\t\t\t<\/div>\n\t\t\t\t<div class=\"elementor-element elementor-element-0164515 elementor-widget elementor-widget-image-box\" data-id=\"0164515\" data-element_type=\"widget\" data-e-type=\"widget\" data-widget_type=\"image-box.default\">\n\t\t\t\t<div class=\"elementor-widget-container\">\n\t\t\t\t\t<div class=\"elementor-image-box-wrapper\"><div class=\"elementor-image-box-content\"><p class=\"elementor-image-box-description\">It is possible to freeze truffles, and with a good procedure you can keep them for up to one year. However, you should keep in mind that the freezing process can slightly affect their characteristic aromas, reducing their intensity. Therefore, it is important to pay attention to how this process is carried out to minimize any loss of quality.<br><br>\n\nThe first step to freeze truffles properly is to wrap them individually in aluminum foil. This protects them from direct contact with air and freezer burn, factors that could alter their texture and flavor. Once wrapped, place the truffles in an airtight bag, such as a zip-top bag, making sure to remove as much air as possible before sealing.<br><br>\n\nFinally, label the bag with the date to keep track of storage time. Although truffles can remain in the freezer for months, the sooner you use them, the better they will retain their essence. This method is simple and effective, ideal for preserving this prized ingredient beyond its season.<\/p><\/div><\/div>\t\t\t\t<\/div>\n\t\t\t\t<\/div>\n\t\t\t\t<\/div>\n\t\t\t\t<\/div>\n\t\t\t\t\t<\/div>\n\t\t\t\t<\/div>\n\t\t\t\t<\/div>","protected":false},"excerpt":{"rendered":"<p>LOS SECRETOS PARA PRESERVAR LA FRESCURA Conservaci\u00f3n de la Trufa Negra La base del m\u00e9todo Las trufas negras son un manjar delicado que requiere cuidados espec\u00edficos para mantener su aroma y sabor en \u00f3ptimas condiciones. Lo primero y m\u00e1s importante es asegurarse de que est\u00e9n siempre refrigeradas, ya que la temperatura ambiente acelera su deterioro. [&hellip;]<\/p>\n","protected":false},"author":1,"featured_media":0,"parent":0,"menu_order":0,"comment_status":"closed","ping_status":"closed","template":"","meta":{"site-sidebar-layout":"no-sidebar","site-content-layout":"page-builder","ast-site-content-layout":"full-width-container","site-content-style":"unboxed","site-sidebar-style":"unboxed","ast-global-header-display":"","ast-banner-title-visibility":"","ast-main-header-display":"","ast-hfb-above-header-display":"","ast-hfb-below-header-display":"","ast-hfb-mobile-header-display":"","site-post-title":"disabled","ast-breadcrumbs-content":"","ast-featured-img":"disabled","footer-sml-layout":"","ast-disable-related-posts":"","theme-transparent-header-meta":"default","adv-header-id-meta":"","stick-header-meta":"","header-above-stick-meta":"","header-main-stick-meta":"","header-below-stick-meta":"","astra-migrate-meta-layouts":"set","ast-page-background-enabled":"default","ast-page-background-meta":{"desktop":{"background-color":"","background-image":"","background-repeat":"repeat","background-position":"center center","background-size":"auto","background-attachment":"scroll","background-type":"","background-media":"","overlay-type":"","overlay-color":"","overlay-opacity":"","overlay-gradient":""},"tablet":{"background-color":"","background-image":"","background-repeat":"repeat","background-position":"center center","background-size":"auto","background-attachment":"scroll","background-type":"","background-media":"","overlay-type":"","overlay-color":"","overlay-opacity":"","overlay-gradient":""},"mobile":{"background-color":"","background-image":"","background-repeat":"repeat","background-position":"center center","background-size":"auto","background-attachment":"scroll","background-type":"","background-media":"","overlay-type":"","overlay-color":"","overlay-opacity":"","overlay-gradient":""}},"ast-content-background-meta":{"desktop":{"background-color":"var(--ast-global-color-5)","background-image":"","background-repeat":"repeat","background-position":"center center","background-size":"auto","background-attachment":"scroll","background-type":"","background-media":"","overlay-type":"","overlay-color":"","overlay-opacity":"","overlay-gradient":""},"tablet":{"background-color":"var(--ast-global-color-5)","background-image":"","background-repeat":"repeat","background-position":"center center","background-size":"auto","background-attachment":"scroll","background-type":"","background-media":"","overlay-type":"","overlay-color":"","overlay-opacity":"","overlay-gradient":""},"mobile":{"background-color":"var(--ast-global-color-5)","background-image":"","background-repeat":"repeat","background-position":"center center","background-size":"auto","background-attachment":"scroll","background-type":"","background-media":"","overlay-type":"","overlay-color":"","overlay-opacity":"","overlay-gradient":""}},"footnotes":""},"class_list":["post-2075","page","type-page","status-publish","hentry"],"_links":{"self":[{"href":"https:\/\/deraiztrufas.es\/en\/wp-json\/wp\/v2\/pages\/2075","targetHints":{"allow":["GET"]}}],"collection":[{"href":"https:\/\/deraiztrufas.es\/en\/wp-json\/wp\/v2\/pages"}],"about":[{"href":"https:\/\/deraiztrufas.es\/en\/wp-json\/wp\/v2\/types\/page"}],"author":[{"embeddable":true,"href":"https:\/\/deraiztrufas.es\/en\/wp-json\/wp\/v2\/users\/1"}],"replies":[{"embeddable":true,"href":"https:\/\/deraiztrufas.es\/en\/wp-json\/wp\/v2\/comments?post=2075"}],"version-history":[{"count":95,"href":"https:\/\/deraiztrufas.es\/en\/wp-json\/wp\/v2\/pages\/2075\/revisions"}],"predecessor-version":[{"id":3721,"href":"https:\/\/deraiztrufas.es\/en\/wp-json\/wp\/v2\/pages\/2075\/revisions\/3721"}],"wp:attachment":[{"href":"https:\/\/deraiztrufas.es\/en\/wp-json\/wp\/v2\/media?parent=2075"}],"curies":[{"name":"wp","href":"https:\/\/api.w.org\/{rel}","templated":true}]}}